{"id":85,"date":"2016-08-22T22:03:25","date_gmt":"2016-08-22T22:03:25","guid":{"rendered":"https:\/\/oceanwp.org\/simple\/product\/superocean-heritage-watch\/"},"modified":"2026-03-23T18:44:32","modified_gmt":"2026-03-23T18:44:32","slug":"rebirth-bio-drink","status":"publish","type":"product","link":"https:\/\/rebirth-startnew.com\/en\/product\/rebirth-bio-drink\/","title":{"rendered":"REBIRTH Bio Drink"},"content":{"rendered":"<div class=\"rebirth-product-description\">\n<div class=\"rebirth-intro-section\">\n<h2>REBIRTH BIO DRINK<\/h2>\n<p class=\"rebirth-tagline\">Erfrischend. Nat\u00fcrlich. Anders.<\/p>\n<p>Entdecke den einzigartigen Geschmack von Bio-Ingwer und frischer Minze. Dein nat\u00fcrlicher Energy-Kick f\u00fcr jeden Tag \u2013 aus 100% biologischen Zutaten, ohne k\u00fcnstliche Zus\u00e4tze.<\/p>\n<\/div>\n<p><!-- Die wichtigsten Vorteile --><\/p>\n<div class=\"rebirth-benefits-section\">\n<h3>Das macht REBIRTH einzigartig:<\/h3>\n<ul class=\"rebirth-benefits-list\">\n<li><strong>100% Organic Quality<\/strong> \u2013 Alle Zutaten aus kontrolliert biologischem Anbau<\/li>\n<li><strong>Invigorating Taste<\/strong> \u2013 Einzigartige Kombination aus Ingwer, Pfefferminze und Guarana<\/li>\n<li><strong>Locally Produced<\/strong> \u2013 Nachhaltig produziert mit kurzen Transportwegen<\/li>\n<li><strong>Nat\u00fcrlicher Energy-Kick<\/strong> \u2013 Guarana f\u00fcr Energie ohne Crash-Effekt<\/li>\n<li><strong>Erfrischend &amp; Leicht<\/strong> \u2013 Nur 29 kcal pro 100 ml, fettfrei und kalorienarm<\/li>\n<\/ul>\n<\/div>\n<p><!-- Perfekte Gelegenheiten --><\/p>\n<div class=\"rebirth-occasions-section\">\n<h3>Der perfekte Begleiter f\u00fcr:<\/h3>\n<div class=\"rebirth-occasions-grid\">\n<div class=\"occasion-item\">\n<p><span class=\"occasion-icon\">\ud83c\udfcb\ufe0f<\/span>Workout &amp; Sport<\/p>\n<\/div>\n<div class=\"occasion-item\">\n<p><span class=\"occasion-icon\">\ud83d\udcbb<\/span>Produktive Arbeitstage<\/p>\n<\/div>\n<div class=\"occasion-item\">\n<p><span class=\"occasion-icon\">\ud83d\ude97<\/span>Lange Autofahrten<\/p>\n<\/div>\n<div class=\"occasion-item\">\n<p><span class=\"occasion-icon\">\ud83c\udf04<\/span>Aktive Freizeitgestaltung<\/p>\n<\/div>\n<\/div>\n<\/div>\n<p><!-- N\u00e4hrwerte --><\/p>\n<div class=\"rebirth-nutrition-section\">\n<h3>N\u00e4hrwerte &amp; Inhaltsstoffe<\/h3>\n<table class=\"woocommerce-product-attributes shop_attributes rebirth-nutrition-table\">\n<tbody>\n<tr class=\"woocommerce-product-attributes-item woocommerce-product-attributes-item--attribute_n%c3%a4hrwerte\">\n<th class=\"woocommerce-product-attributes-item__label\" scope=\"row\">N\u00e4hrwerte<\/th>\n<td class=\"woocommerce-product-attributes-item__value\">pro 100 ml<\/td>\n<\/tr>\n<tr class=\"woocommerce-product-attributes-item woocommerce-product-attributes-item--attribute_brennwert-kj\">\n<th class=\"woocommerce-product-attributes-item__label\" scope=\"row\">Brennwert kj<\/th>\n<td class=\"woocommerce-product-attributes-item__value\">120 kj<\/td>\n<\/tr>\n<tr class=\"woocommerce-product-attributes-item woocommerce-product-attributes-item--attribute_brennwert-kcal\">\n<th class=\"woocommerce-product-attributes-item__label\" scope=\"row\">Brennwert kcal<\/th>\n<td class=\"woocommerce-product-attributes-item__value\">29 kcal<\/td>\n<\/tr>\n<tr class=\"woocommerce-product-attributes-item woocommerce-product-attributes-item--attribute_fett\">\n<th class=\"woocommerce-product-attributes-item__label\" scope=\"row\">Fett<\/th>\n<td class=\"woocommerce-product-attributes-item__value\">0 g<\/td>\n<\/tr>\n<tr class=\"woocommerce-product-attributes-item woocommerce-product-attributes-item--attribute_davon-ges%c3%a4ttigte-fetts%c3%a4uren\">\n<th class=\"woocommerce-product-attributes-item__label\" scope=\"row\">davon ges\u00e4ttigte Fetts\u00e4uren<\/th>\n<td class=\"woocommerce-product-attributes-item__value\">0 g<\/td>\n<\/tr>\n<tr class=\"woocommerce-product-attributes-item woocommerce-product-attributes-item--attribute_kohlenhydrate\">\n<th class=\"woocommerce-product-attributes-item__label\" scope=\"row\">Kohlenhydrate<\/th>\n<td class=\"woocommerce-product-attributes-item__value\">5,9 g<\/td>\n<\/tr>\n<tr class=\"woocommerce-product-attributes-item woocommerce-product-attributes-item--attribute_davon-zucker\">\n<th class=\"woocommerce-product-attributes-item__label\" scope=\"row\">davon Zucker<\/th>\n<td class=\"woocommerce-product-attributes-item__value\">5,8 g<\/td>\n<\/tr>\n<tr class=\"woocommerce-product-attributes-item woocommerce-product-attributes-item--attribute_eiwei%c3%9f\">\n<th class=\"woocommerce-product-attributes-item__label\" scope=\"row\">Eiwei\u00df<\/th>\n<td class=\"woocommerce-product-attributes-item__value\">0 g<\/td>\n<\/tr>\n<tr class=\"woocommerce-product-attributes-item woocommerce-product-attributes-item--attribute_salz\">\n<th class=\"woocommerce-product-attributes-item__label\" scope=\"row\">Salz<\/th>\n<td class=\"woocommerce-product-attributes-item__value\">0 g<\/td>\n<\/tr>\n<\/tbody>\n<\/table>\n<\/div>\n<p><!-- Hinweise --><\/p>\n<div class=\"rebirth-notes-section\">\n<div class=\"rebirth-note\">\n<p><span class=\"note-icon\">\u2744\ufe0f<\/span><strong>DRINK CHILLED<\/strong> f\u00fcr das beste Geschmackserlebnis<\/p>\n<\/div>\n<div class=\"rebirth-note\">\n<p><span class=\"note-icon\">\u26a0\ufe0f<\/span><strong>HINWEIS:<\/strong> Enth\u00e4lt Koffein aus nat\u00fcrlichem Guarana-Extrakt. F\u00fcr Kinder und schwangere oder stillende Frauen nicht empfohlen. In moderaten Mengen konsumieren.<\/p>\n<\/div>\n<\/div>\n<p><!-- Nachhaltigkeit --><\/p>\n<div class=\"rebirth-sustainability-section\">\n<h3>START NEW \u2013 Unser Beitrag zur Nachhaltigkeit<\/h3>\n<p>Bei REBIRTH legen wir gro\u00dfen Wert auf Nachhaltigkeit. Wir arbeiten konsequent daran, unsere Umweltbelastung auf ein Minimum zu reduzieren und leisten bewusst unseren Beitrag zum Umweltschutz. Durch verantwortungsvolle Produktionsprozesse und die Verwendung von Zutaten aus kontrolliert biologischem Anbau handeln wir im Einklang mit der Natur \u2013 zum Wohle deiner Gesundheit und unserer gemeinsamen Umwelt.<\/p>\n<\/div>\n<\/div>","protected":false},"excerpt":{"rendered":"<p class=\"ingredients-short\">Water, Organic Beet Sugar, Organic Pomegranate Juice (1.5%), Organic Artichoke Juice (1.4%), Organic Red Beet Juice (1%), Organic Peppermint Extract (0.6%), Carbon Dioxide, Acidifier Citric Acid, Organic Ginger Extract (0.4%), Organic Guarana Extract (0.2%).<\/p>","protected":false},"featured_media":314,"comment_status":"open","ping_status":"closed","template":"","meta":{"_acf_changed":false,"ocean_post_layout":"","ocean_both_sidebars_style":"","ocean_both_sidebars_content_width":0,"ocean_both_sidebars_sidebars_width":0,"ocean_sidebar":"0","ocean_second_sidebar":"0","ocean_disable_margins":"enable","ocean_add_body_class":"","ocean_shortcode_before_top_bar":"","ocean_shortcode_after_top_bar":"","ocean_shortcode_before_header":"","ocean_shortcode_after_header":"","ocean_has_shortcode":"","ocean_shortcode_after_title":"","ocean_shortcode_before_footer_widgets":"","ocean_shortcode_after_footer_widgets":"","ocean_shortcode_before_footer_bottom":"","ocean_shortcode_after_footer_bottom":"","ocean_display_top_bar":"default","ocean_display_header":"default","ocean_header_style":"","ocean_center_header_left_menu":"0","ocean_custom_header_template":"0","ocean_custom_logo":0,"ocean_custom_retina_logo":0,"ocean_custom_logo_max_width":0,"ocean_custom_logo_tablet_max_width":0,"ocean_custom_logo_mobile_max_width":0,"ocean_custom_logo_max_height":0,"ocean_custom_logo_tablet_max_height":0,"ocean_custom_logo_mobile_max_height":0,"ocean_header_custom_menu":"0","ocean_menu_typo_font_family":"0","ocean_menu_typo_font_subset":"","ocean_menu_typo_font_size":0,"ocean_menu_typo_font_size_tablet":0,"ocean_menu_typo_font_size_mobile":0,"ocean_menu_typo_font_size_unit":"px","ocean_menu_typo_font_weight":"","ocean_menu_typo_font_weight_tablet":"","ocean_menu_typo_font_weight_mobile":"","ocean_menu_typo_transform":"","ocean_menu_typo_transform_tablet":"","ocean_menu_typo_transform_mobile":"","ocean_menu_typo_line_height":0,"ocean_menu_typo_line_height_tablet":0,"ocean_menu_typo_line_height_mobile":0,"ocean_menu_typo_line_height_unit":"","ocean_menu_typo_spacing":0,"ocean_menu_typo_spacing_tablet":0,"ocean_menu_typo_spacing_mobile":0,"ocean_menu_typo_spacing_unit":"","ocean_menu_link_color":"","ocean_menu_link_color_hover":"","ocean_menu_link_color_active":"","ocean_menu_link_background":"","ocean_menu_link_hover_background":"","ocean_menu_link_active_background":"","ocean_menu_social_links_bg":"","ocean_menu_social_hover_links_bg":"","ocean_menu_social_links_color":"","ocean_menu_social_hover_links_color":"","ocean_disable_title":"default","ocean_disable_heading":"default","ocean_post_title":"","ocean_post_subheading":"","ocean_post_title_style":"","ocean_post_title_background_color":"","ocean_post_title_background":0,"ocean_post_title_bg_image_position":"","ocean_post_title_bg_image_attachment":"","ocean_post_title_bg_image_repeat":"","ocean_post_title_bg_image_size":"","ocean_post_title_height":400,"ocean_post_title_bg_overlay":0.5,"ocean_post_title_bg_overlay_color":"","ocean_disable_breadcrumbs":"default","ocean_breadcrumbs_color":"","ocean_breadcrumbs_separator_color":"","ocean_breadcrumbs_links_color":"","ocean_breadcrumbs_links_hover_color":"","ocean_display_footer_widgets":"default","ocean_display_footer_bottom":"default","ocean_custom_footer_template":"0","omw_enable_modal_window":"enable"},"product_brand":[],"product_cat":[15],"product_tag":[],"class_list":{"0":"post-85","1":"product","2":"type-product","3":"status-publish","4":"has-post-thumbnail","6":"product_cat-rebirth","8":"entry","9":"has-media","11":"first","12":"instock","13":"taxable","14":"shipping-taxable","15":"purchasable","16":"product-type-variable","17":"has-default-attributes","18":"has-rating","19":"col","20":"span_1_of_3","21":"owp-content-center","22":"owp-thumbs-layout-horizontal","23":"owp-btn-normal","24":"owp-tabs-layout-vertical","25":"has-no-thumbnails"},"acf":[],"yoast_head":"<!-- This site is optimized with the Yoast SEO plugin v27.4 - https:\/\/yoast.com\/product\/yoast-seo-wordpress\/ -->\n<title>REBIRTH Bio Drink - Rebirth<\/title>\n<meta name=\"robots\" content=\"index, follow, max-snippet:-1, max-image-preview:large, max-video-preview:-1\" \/>\n<link rel=\"canonical\" href=\"https:\/\/rebirth-startnew.com\/en\/product\/rebirth-bio-drink\/\" \/>\n<meta property=\"og:locale\" content=\"en_US\" \/>\n<meta property=\"og:type\" content=\"article\" \/>\n<meta property=\"og:title\" content=\"REBIRTH Bio Drink - Rebirth\" \/>\n<meta property=\"og:description\" content=\"Wasser, Bio R\u00fcbenzucker, Bio Granatapfelsaft (1,5%), Bio Artischockensaft (1,4%), Bio Rote R\u00fcben Saft (1%), Bio Pfefferminzkrautextrakt (0,6%), Kohlendioxid, S\u00e4uerungsmittel Citronens\u00e4ure, Bio Ingwerextrakt (0,4%), Bio Guaranaextrakt (0,2%).\" \/>\n<meta property=\"og:url\" content=\"https:\/\/rebirth-startnew.com\/en\/product\/rebirth-bio-drink\/\" \/>\n<meta property=\"og:site_name\" content=\"Rebirth\" \/>\n<meta property=\"article:publisher\" content=\"https:\/\/www.facebook.com\/REBIRTHbioDrinks\" \/>\n<meta property=\"article:modified_time\" content=\"2026-03-23T18:44:32+00:00\" \/>\n<meta property=\"og:image\" content=\"https:\/\/rebirth-startnew.com\/wp-content\/uploads\/2016\/08\/REB-6er.jpg\" \/>\n\t<meta property=\"og:image:width\" content=\"1350\" \/>\n\t<meta property=\"og:image:height\" content=\"1350\" \/>\n\t<meta property=\"og:image:type\" content=\"image\/jpeg\" \/>\n<meta name=\"twitter:card\" content=\"summary_large_image\" \/>\n<meta name=\"twitter:image\" content=\"https:\/\/rebirth-startnew.com\/wp-content\/uploads\/2016\/08\/REB-6er.jpg\" \/>\n<meta name=\"twitter:label1\" content=\"Est. reading time\" \/>\n\t<meta name=\"twitter:data1\" content=\"2 minutes\" \/>\n<script type=\"application\/ld+json\" class=\"yoast-schema-graph\">{\"@context\":\"https:\\\/\\\/schema.org\",\"@graph\":[{\"@type\":\"WebPage\",\"@id\":\"https:\\\/\\\/rebirth-startnew.com\\\/produkt\\\/rebirth-bio-drink\\\/\",\"url\":\"https:\\\/\\\/rebirth-startnew.com\\\/produkt\\\/rebirth-bio-drink\\\/\",\"name\":\"REBIRTH Bio Drink - Rebirth\",\"isPartOf\":{\"@id\":\"https:\\\/\\\/rebirth-startnew.com\\\/#website\"},\"primaryImageOfPage\":{\"@id\":\"https:\\\/\\\/rebirth-startnew.com\\\/produkt\\\/rebirth-bio-drink\\\/#primaryimage\"},\"image\":{\"@id\":\"https:\\\/\\\/rebirth-startnew.com\\\/produkt\\\/rebirth-bio-drink\\\/#primaryimage\"},\"thumbnailUrl\":\"https:\\\/\\\/rebirth-startnew.com\\\/wp-content\\\/uploads\\\/2016\\\/08\\\/REB-6er.jpg\",\"datePublished\":\"2016-08-22T22:03:25+00:00\",\"dateModified\":\"2026-03-23T18:44:32+00:00\",\"breadcrumb\":{\"@id\":\"https:\\\/\\\/rebirth-startnew.com\\\/produkt\\\/rebirth-bio-drink\\\/#breadcrumb\"},\"inLanguage\":\"en-US\",\"potentialAction\":[{\"@type\":\"ReadAction\",\"target\":[\"https:\\\/\\\/rebirth-startnew.com\\\/produkt\\\/rebirth-bio-drink\\\/\"]}]},{\"@type\":\"ImageObject\",\"inLanguage\":\"en-US\",\"@id\":\"https:\\\/\\\/rebirth-startnew.com\\\/produkt\\\/rebirth-bio-drink\\\/#primaryimage\",\"url\":\"https:\\\/\\\/rebirth-startnew.com\\\/wp-content\\\/uploads\\\/2016\\\/08\\\/REB-6er.jpg\",\"contentUrl\":\"https:\\\/\\\/rebirth-startnew.com\\\/wp-content\\\/uploads\\\/2016\\\/08\\\/REB-6er.jpg\",\"width\":1350,\"height\":1350},{\"@type\":\"BreadcrumbList\",\"@id\":\"https:\\\/\\\/rebirth-startnew.com\\\/produkt\\\/rebirth-bio-drink\\\/#breadcrumb\",\"itemListElement\":[{\"@type\":\"ListItem\",\"position\":1,\"name\":\"Startseite\",\"item\":\"https:\\\/\\\/rebirth-startnew.com\\\/\"},{\"@type\":\"ListItem\",\"position\":2,\"name\":\"Shop\",\"item\":\"https:\\\/\\\/rebirth-startnew.com\\\/shop\\\/\"},{\"@type\":\"ListItem\",\"position\":3,\"name\":\"REBIRTH Bio Drink\"}]},{\"@type\":\"WebSite\",\"@id\":\"https:\\\/\\\/rebirth-startnew.com\\\/#website\",\"url\":\"https:\\\/\\\/rebirth-startnew.com\\\/\",\"name\":\"Rebirth BIO Drinks\",\"description\":\"Start New\",\"publisher\":{\"@id\":\"https:\\\/\\\/rebirth-startnew.com\\\/#organization\"},\"alternateName\":\"Rebirth\",\"potentialAction\":[{\"@type\":\"SearchAction\",\"target\":{\"@type\":\"EntryPoint\",\"urlTemplate\":\"https:\\\/\\\/rebirth-startnew.com\\\/?s={search_term_string}\"},\"query-input\":{\"@type\":\"PropertyValueSpecification\",\"valueRequired\":true,\"valueName\":\"search_term_string\"}}],\"inLanguage\":\"en-US\"},{\"@type\":\"Organization\",\"@id\":\"https:\\\/\\\/rebirth-startnew.com\\\/#organization\",\"name\":\"Rebirth Bio Drinks\",\"alternateName\":\"REBIRTH\",\"url\":\"https:\\\/\\\/rebirth-startnew.com\\\/\",\"logo\":{\"@type\":\"ImageObject\",\"inLanguage\":\"en-US\",\"@id\":\"https:\\\/\\\/rebirth-startnew.com\\\/#\\\/schema\\\/logo\\\/image\\\/\",\"url\":\"https:\\\/\\\/rebirth-startnew.com\\\/wp-content\\\/uploads\\\/2024\\\/08\\\/Rebirth-Start-New-LG.png\",\"contentUrl\":\"https:\\\/\\\/rebirth-startnew.com\\\/wp-content\\\/uploads\\\/2024\\\/08\\\/Rebirth-Start-New-LG.png\",\"width\":1000,\"height\":991,\"caption\":\"Rebirth Bio Drinks\"},\"image\":{\"@id\":\"https:\\\/\\\/rebirth-startnew.com\\\/#\\\/schema\\\/logo\\\/image\\\/\"},\"sameAs\":[\"https:\\\/\\\/www.facebook.com\\\/REBIRTHbioDrinks\",\"https:\\\/\\\/www.instagram.com\\\/rebirth_biodrinks\\\/\"]}]}<\/script>\n<!-- \/ Yoast SEO plugin. -->","yoast_head_json":{"title":"REBIRTH Bio Drink - Rebirth","robots":{"index":"index","follow":"follow","max-snippet":"max-snippet:-1","max-image-preview":"max-image-preview:large","max-video-preview":"max-video-preview:-1"},"canonical":"https:\/\/rebirth-startnew.com\/en\/product\/rebirth-bio-drink\/","og_locale":"en_US","og_type":"article","og_title":"REBIRTH Bio Drink - Rebirth","og_description":"Wasser, Bio R\u00fcbenzucker, Bio Granatapfelsaft (1,5%), Bio Artischockensaft (1,4%), Bio Rote R\u00fcben Saft (1%), Bio Pfefferminzkrautextrakt (0,6%), Kohlendioxid, S\u00e4uerungsmittel Citronens\u00e4ure, Bio Ingwerextrakt (0,4%), Bio Guaranaextrakt (0,2%).","og_url":"https:\/\/rebirth-startnew.com\/en\/product\/rebirth-bio-drink\/","og_site_name":"Rebirth","article_publisher":"https:\/\/www.facebook.com\/REBIRTHbioDrinks","article_modified_time":"2026-03-23T18:44:32+00:00","og_image":[{"width":1350,"height":1350,"url":"https:\/\/rebirth-startnew.com\/wp-content\/uploads\/2016\/08\/REB-6er.jpg","type":"image\/jpeg"}],"twitter_card":"summary_large_image","twitter_image":"https:\/\/rebirth-startnew.com\/wp-content\/uploads\/2016\/08\/REB-6er.jpg","twitter_misc":{"Est. reading time":"2 minutes"},"schema":{"@context":"https:\/\/schema.org","@graph":[{"@type":"WebPage","@id":"https:\/\/rebirth-startnew.com\/produkt\/rebirth-bio-drink\/","url":"https:\/\/rebirth-startnew.com\/produkt\/rebirth-bio-drink\/","name":"REBIRTH Bio Drink - Rebirth","isPartOf":{"@id":"https:\/\/rebirth-startnew.com\/#website"},"primaryImageOfPage":{"@id":"https:\/\/rebirth-startnew.com\/produkt\/rebirth-bio-drink\/#primaryimage"},"image":{"@id":"https:\/\/rebirth-startnew.com\/produkt\/rebirth-bio-drink\/#primaryimage"},"thumbnailUrl":"https:\/\/rebirth-startnew.com\/wp-content\/uploads\/2016\/08\/REB-6er.jpg","datePublished":"2016-08-22T22:03:25+00:00","dateModified":"2026-03-23T18:44:32+00:00","breadcrumb":{"@id":"https:\/\/rebirth-startnew.com\/produkt\/rebirth-bio-drink\/#breadcrumb"},"inLanguage":"en-US","potentialAction":[{"@type":"ReadAction","target":["https:\/\/rebirth-startnew.com\/produkt\/rebirth-bio-drink\/"]}]},{"@type":"ImageObject","inLanguage":"en-US","@id":"https:\/\/rebirth-startnew.com\/produkt\/rebirth-bio-drink\/#primaryimage","url":"https:\/\/rebirth-startnew.com\/wp-content\/uploads\/2016\/08\/REB-6er.jpg","contentUrl":"https:\/\/rebirth-startnew.com\/wp-content\/uploads\/2016\/08\/REB-6er.jpg","width":1350,"height":1350},{"@type":"BreadcrumbList","@id":"https:\/\/rebirth-startnew.com\/produkt\/rebirth-bio-drink\/#breadcrumb","itemListElement":[{"@type":"ListItem","position":1,"name":"Startseite","item":"https:\/\/rebirth-startnew.com\/"},{"@type":"ListItem","position":2,"name":"Shop","item":"https:\/\/rebirth-startnew.com\/shop\/"},{"@type":"ListItem","position":3,"name":"REBIRTH Bio Drink"}]},{"@type":"WebSite","@id":"https:\/\/rebirth-startnew.com\/#website","url":"https:\/\/rebirth-startnew.com\/","name":"Rebirth BIO Drinks","description":"Start New","publisher":{"@id":"https:\/\/rebirth-startnew.com\/#organization"},"alternateName":"Rebirth","potentialAction":[{"@type":"SearchAction","target":{"@type":"EntryPoint","urlTemplate":"https:\/\/rebirth-startnew.com\/?s={search_term_string}"},"query-input":{"@type":"PropertyValueSpecification","valueRequired":true,"valueName":"search_term_string"}}],"inLanguage":"en-US"},{"@type":"Organization","@id":"https:\/\/rebirth-startnew.com\/#organization","name":"Rebirth Bio Drinks","alternateName":"REBIRTH","url":"https:\/\/rebirth-startnew.com\/","logo":{"@type":"ImageObject","inLanguage":"en-US","@id":"https:\/\/rebirth-startnew.com\/#\/schema\/logo\/image\/","url":"https:\/\/rebirth-startnew.com\/wp-content\/uploads\/2024\/08\/Rebirth-Start-New-LG.png","contentUrl":"https:\/\/rebirth-startnew.com\/wp-content\/uploads\/2024\/08\/Rebirth-Start-New-LG.png","width":1000,"height":991,"caption":"Rebirth Bio Drinks"},"image":{"@id":"https:\/\/rebirth-startnew.com\/#\/schema\/logo\/image\/"},"sameAs":["https:\/\/www.facebook.com\/REBIRTHbioDrinks","https:\/\/www.instagram.com\/rebirth_biodrinks\/"]}]}},"_links":{"self":[{"href":"https:\/\/rebirth-startnew.com\/en\/wp-json\/wp\/v2\/product\/85","targetHints":{"allow":["GET"]}}],"collection":[{"href":"https:\/\/rebirth-startnew.com\/en\/wp-json\/wp\/v2\/product"}],"about":[{"href":"https:\/\/rebirth-startnew.com\/en\/wp-json\/wp\/v2\/types\/product"}],"replies":[{"embeddable":true,"href":"https:\/\/rebirth-startnew.com\/en\/wp-json\/wp\/v2\/comments?post=85"}],"version-history":[{"count":9,"href":"https:\/\/rebirth-startnew.com\/en\/wp-json\/wp\/v2\/product\/85\/revisions"}],"predecessor-version":[{"id":2063,"href":"https:\/\/rebirth-startnew.com\/en\/wp-json\/wp\/v2\/product\/85\/revisions\/2063"}],"wp:featuredmedia":[{"embeddable":true,"href":"https:\/\/rebirth-startnew.com\/en\/wp-json\/wp\/v2\/media\/314"}],"wp:attachment":[{"href":"https:\/\/rebirth-startnew.com\/en\/wp-json\/wp\/v2\/media?parent=85"}],"wp:term":[{"taxonomy":"product_brand","embeddable":true,"href":"https:\/\/rebirth-startnew.com\/en\/wp-json\/wp\/v2\/product_brand?post=85"},{"taxonomy":"product_cat","embeddable":true,"href":"https:\/\/rebirth-startnew.com\/en\/wp-json\/wp\/v2\/product_cat?post=85"},{"taxonomy":"product_tag","embeddable":true,"href":"https:\/\/rebirth-startnew.com\/en\/wp-json\/wp\/v2\/product_tag?post=85"}],"curies":[{"name":"wp","href":"https:\/\/api.w.org\/{rel}","templated":true}]}}