{"id":633,"date":"2024-08-05T10:02:43","date_gmt":"2024-08-05T10:02:43","guid":{"rendered":"https:\/\/rebirth-startnew.com\/?page_id=633"},"modified":"2025-02-18T23:16:08","modified_gmt":"2025-02-18T23:16:08","slug":"impressum","status":"publish","type":"page","link":"https:\/\/rebirth-startnew.com\/en\/impressum\/","title":{"rendered":"Impressum"},"content":{"rendered":"<div data-elementor-type=\"wp-page\" data-elementor-id=\"633\" class=\"elementor elementor-633\" data-elementor-post-type=\"page\">\n\t\t\t\t<div class=\"elementor-element elementor-element-72aa506 e-con-full e-flex e-con e-parent\" data-id=\"72aa506\" data-element_type=\"container\">\n\t\t\t\t<div class=\"elementor-element elementor-element-8951a09 elementor-widget elementor-widget-html\" data-id=\"8951a09\" data-element_type=\"widget\" data-widget_type=\"html.default\">\n\t\t\t\t<div class=\"elementor-widget-container\">\n\t\t\t\t\t<!-- Impressum Section -->\r\n<section class=\"imprint-section\">\r\n    <div class=\"imprint-container\">\r\n        <h1 class=\"imprint-title\">Impressum<\/h1>\r\n        \r\n        <div class=\"imprint-content\">\r\n            <div class=\"imprint-group\">\r\n                <h2 class=\"imprint-subtitle\">Erkl\u00e4rungen gem\u00e4\u00df \u00a7 5 E-Commerce-Gesetz (ECG)<\/h2>\r\n                \r\n                <div class=\"imprint-company\">\r\n                    <h3>REBIRTH BIO-DRINKS GMBH<\/h3>\r\n                    <p>Neubaugasse 24<br>8020 Graz<\/p>\r\n                <\/div>\r\n\r\n                <div class=\"imprint-grid\">\r\n                    <div class=\"imprint-item\">\r\n                        <div class=\"imprint-label\">Gesch\u00e4ftsf\u00fchrer<\/div>\r\n                        <div class=\"imprint-value\">Daniel Eibisberger, Markus Krenn<\/div>\r\n                    <\/div>\r\n\r\n                    <div class=\"imprint-item\">\r\n                        <div class=\"imprint-label\">Firmenbuchnummer<\/div>\r\n                        <div class=\"imprint-value\">FN 545795 s<\/div>\r\n                    <\/div>\r\n\r\n                    <div class=\"imprint-item\">\r\n                        <div class=\"imprint-label\">Firmenbuchgericht<\/div>\r\n                        <div class=\"imprint-value\">LG f\u00fcr ZRS Graz<\/div>\r\n                    <\/div>\r\n\r\n                    <div class=\"imprint-item\">\r\n                        <div class=\"imprint-label\">Umsatzsteuer-Identifikationsnummer<\/div>\r\n                        <div class=\"imprint-value\">ATU76466156<\/div>\r\n                    <\/div>\r\n\r\n                    <div class=\"imprint-item\">\r\n                        <div class=\"imprint-label\">Contact<\/div>\r\n                        <div class=\"imprint-value\">\r\n                            <a href=\"mailto:office@rebirth-biodrinks.com\">office@rebirth-biodrinks.com<\/a>\r\n                        <\/div>\r\n                    <\/div>\r\n                <\/div>\r\n            <\/div>\r\n\r\n            <div class=\"imprint-group\">\r\n                <h2 class=\"imprint-subtitle\">Verantwortlich f\u00fcr die Inhalte gem\u00e4\u00df \u00a7 55 Abs. 2 RStV<\/h2>\r\n                <p>Daniel Eibisberger, Markus Krenn<\/p>\r\n            <\/div>\r\n\r\n            <div class=\"imprint-group\">\r\n                <h2 class=\"imprint-subtitle\">Informationspflicht lt. ECG<\/h2>\r\n                <div class=\"imprint-item\">\r\n                    <div class=\"imprint-label\">Erstellung der Webseite<\/div>\r\n                    <div class=\"imprint-value\">Diese Webseite wurde von <a href=\"https:\/\/marketing-media.at\" target=\"_blank\" rel=\"noopener noreferrer\">Marketing Media<\/a> erstellt.<\/div>\r\n                <\/div>\r\n            <\/div>\r\n        <\/div>\r\n    <\/div>\r\n<\/section>\r\n\r\n<style>\r\n.imprint-section {\r\n    padding: 2rem 1rem;\r\n    background-color: #fff;\r\n}\r\n\r\n.imprint-container {\r\n    max-width: 800px;\r\n    margin: 0 auto;\r\n}\r\n\r\n.imprint-title {\r\n    font-size: clamp(4rem, 4vw, 3rem);\r\n    color: #2C2C2C;\r\n    margin-bottom: 3rem;\r\n    text-align: center;\r\n}\r\n\r\n.imprint-content {\r\n    display: flex;\r\n    flex-direction: column;\r\n    gap: 3rem;\r\n}\r\n\r\n.imprint-group {\r\n    background-color: #fff;\r\n    border-radius: 1rem;\r\n    padding: 2rem;\r\n    box-shadow: 0 4px 20px rgba(0, 0, 0, 0.05);\r\n}\r\n\r\n.imprint-subtitle {\r\n    color: #7B9B48;\r\n    margin-bottom: 1.5rem;\r\n    padding-bottom: 1rem;\r\n    border-bottom: 2px solid rgba(123, 155, 72, 0.1);\r\n}\r\n\r\n.imprint-company {\r\n    margin-bottom: 2rem;\r\n}\r\n\r\n.imprint-company h3 {\r\n    color: #2C2C2C;\r\n    margin-bottom: 0.5rem;\r\n}\r\n\r\n.imprint-company p {\r\n    color: #666;\r\n    line-height: 1.6;\r\n}\r\n\r\n.imprint-grid {\r\n    display: grid;\r\n    gap: 1.5rem;\r\n}\r\n\r\n.imprint-item {\r\n    display: grid;\r\n    gap: 0.5rem;\r\n}\r\n\r\n.imprint-label {\r\n    font-weight: 600;\r\n    color: #2C2C2C;\r\n}\r\n\r\n.imprint-value {\r\n    color: #666;\r\n}\r\n\r\n.imprint-value a {\r\n    color: #7B9B48;\r\n    text-decoration: none;\r\n    transition: color 0.3s ease;\r\n}\r\n\r\n.imprint-value a:hover {\r\n    color: #658339;\r\n}\r\n\r\n\/* Responsive Design *\/\r\n@media (max-width: 768px) {\r\n    .imprint-section {\r\n        padding: 4rem 1rem;\r\n    }\r\n\r\n    .imprint-group {\r\n        padding: 1.5rem;\r\n    }\r\n}\r\n\r\n@media (max-width: 480px) {\r\n    .imprint-section {\r\n        padding: 3rem 1rem;\r\n    }\r\n\r\n    .imprint-title {\r\n        margin-bottom: 2rem;\r\n    }\r\n\r\n    .imprint-group {\r\n        padding: 1.25rem;\r\n    }\r\n\r\n    .imprint-content {\r\n        gap: 2rem;\r\n    }\r\n}\r\n<\/style>\t\t\t\t<\/div>\n\t\t\t\t<\/div>\n\t\t\t\t<\/div>\n\t\t\t\t<\/div>","protected":false},"excerpt":{"rendered":"<p>Impressum Erkl\u00e4rungen gem\u00e4\u00df \u00a7 5 E-Commerce-Gesetz (ECG) REBIRTH BIO-DRINKS GMBH Neubaugasse 248020 Graz Gesch\u00e4ftsf\u00fchrer Daniel Eibisberger, Markus Krenn Firmenbuchnummer FN 545795 s Firmenbuchgericht LG f\u00fcr ZRS Graz Umsatzsteuer-Identifikationsnummer ATU76466156 Kontakt office@rebirth-biodrinks.com Verantwortlich f\u00fcr die Inhalte gem\u00e4\u00df \u00a7 55 Abs. 2 RStV Daniel Eibisberger, Markus Krenn Informationspflicht lt. ECG Erstellung der Webseite Diese Webseite wurde von [&hellip;]<\/p>","protected":false},"author":1,"featured_media":0,"parent":0,"menu_order":0,"comment_status":"closed","ping_status":"closed","template":"","meta":{"_acf_changed":false,"ocean_post_layout":"","ocean_both_sidebars_style":"","ocean_both_sidebars_content_width":0,"ocean_both_sidebars_sidebars_width":0,"ocean_sidebar":"","ocean_second_sidebar":"","ocean_disable_margins":"enable","ocean_add_body_class":"","ocean_shortcode_before_top_bar":"","ocean_shortcode_after_top_bar":"","ocean_shortcode_before_header":"","ocean_shortcode_after_header":"","ocean_has_shortcode":"","ocean_shortcode_after_title":"","ocean_shortcode_before_footer_widgets":"","ocean_shortcode_after_footer_widgets":"","ocean_shortcode_before_footer_bottom":"","ocean_shortcode_after_footer_bottom":"","ocean_display_top_bar":"default","ocean_display_header":"default","ocean_header_style":"","ocean_center_header_left_menu":"","ocean_custom_header_template":"","ocean_custom_logo":0,"ocean_custom_retina_logo":0,"ocean_custom_logo_max_width":0,"ocean_custom_logo_tablet_max_width":0,"ocean_custom_logo_mobile_max_width":0,"ocean_custom_logo_max_height":0,"ocean_custom_logo_tablet_max_height":0,"ocean_custom_logo_mobile_max_height":0,"ocean_header_custom_menu":"","ocean_menu_typo_font_family":"","ocean_menu_typo_font_subset":"","ocean_menu_typo_font_size":0,"ocean_menu_typo_font_size_tablet":0,"ocean_menu_typo_font_size_mobile":0,"ocean_menu_typo_font_size_unit":"px","ocean_menu_typo_font_weight":"","ocean_menu_typo_font_weight_tablet":"","ocean_menu_typo_font_weight_mobile":"","ocean_menu_typo_transform":"","ocean_menu_typo_transform_tablet":"","ocean_menu_typo_transform_mobile":"","ocean_menu_typo_line_height":0,"ocean_menu_typo_line_height_tablet":0,"ocean_menu_typo_line_height_mobile":0,"ocean_menu_typo_line_height_unit":"","ocean_menu_typo_spacing":0,"ocean_menu_typo_spacing_tablet":0,"ocean_menu_typo_spacing_mobile":0,"ocean_menu_typo_spacing_unit":"","ocean_menu_link_color":"","ocean_menu_link_color_hover":"","ocean_menu_link_color_active":"","ocean_menu_link_background":"","ocean_menu_link_hover_background":"","ocean_menu_link_active_background":"","ocean_menu_social_links_bg":"","ocean_menu_social_hover_links_bg":"","ocean_menu_social_links_color":"","ocean_menu_social_hover_links_color":"","ocean_disable_title":"default","ocean_disable_heading":"default","ocean_post_title":"","ocean_post_subheading":"","ocean_post_title_style":"","ocean_post_title_background_color":"","ocean_post_title_background":0,"ocean_post_title_bg_image_position":"","ocean_post_title_bg_image_attachment":"","ocean_post_title_bg_image_repeat":"","ocean_post_title_bg_image_size":"","ocean_post_title_height":0,"ocean_post_title_bg_overlay":0.5,"ocean_post_title_bg_overlay_color":"","ocean_disable_breadcrumbs":"default","ocean_breadcrumbs_color":"","ocean_breadcrumbs_separator_color":"","ocean_breadcrumbs_links_color":"","ocean_breadcrumbs_links_hover_color":"","ocean_display_footer_widgets":"default","ocean_display_footer_bottom":"default","ocean_custom_footer_template":"","omw_enable_modal_window":"enable","footnotes":""},"class_list":["post-633","page","type-page","status-publish","hentry","entry","owp-thumbs-layout-horizontal","owp-btn-normal","owp-tabs-layout-vertical","has-no-thumbnails"],"acf":[],"yoast_head":"<!-- This site is optimized with the Yoast SEO plugin v27.0 - https:\/\/yoast.com\/product\/yoast-seo-wordpress\/ -->\n<title>Impressum - Rebirth<\/title>\n<meta name=\"robots\" content=\"index, follow, max-snippet:-1, max-image-preview:large, max-video-preview:-1\" \/>\n<link rel=\"canonical\" href=\"https:\/\/rebirth-startnew.com\/en\/impressum\/\" \/>\n<meta property=\"og:locale\" content=\"en_US\" \/>\n<meta property=\"og:type\" content=\"article\" \/>\n<meta property=\"og:title\" content=\"Impressum - Rebirth\" \/>\n<meta property=\"og:description\" content=\"Impressum Erkl\u00e4rungen gem\u00e4\u00df \u00a7 5 E-Commerce-Gesetz (ECG) REBIRTH BIO-DRINKS GMBH Neubaugasse 248020 Graz Gesch\u00e4ftsf\u00fchrer Daniel Eibisberger, Markus Krenn Firmenbuchnummer FN 545795 s Firmenbuchgericht LG f\u00fcr ZRS Graz Umsatzsteuer-Identifikationsnummer ATU76466156 Kontakt office@rebirth-biodrinks.com Verantwortlich f\u00fcr die Inhalte gem\u00e4\u00df \u00a7 55 Abs. 2 RStV Daniel Eibisberger, Markus Krenn Informationspflicht lt. ECG Erstellung der Webseite Diese Webseite wurde von [&hellip;]\" \/>\n<meta property=\"og:url\" content=\"https:\/\/rebirth-startnew.com\/en\/impressum\/\" \/>\n<meta property=\"og:site_name\" content=\"Rebirth\" \/>\n<meta property=\"article:publisher\" content=\"https:\/\/www.facebook.com\/REBIRTHbioDrinks\" \/>\n<meta property=\"article:modified_time\" content=\"2025-02-18T23:16:08+00:00\" \/>\n<meta property=\"og:image\" content=\"https:\/\/rebirth-startnew.com\/wp-content\/uploads\/2024\/08\/Rebirth-Start-New-LG.png\" \/>\n\t<meta property=\"og:image:width\" content=\"1000\" \/>\n\t<meta property=\"og:image:height\" content=\"991\" \/>\n\t<meta property=\"og:image:type\" content=\"image\/png\" \/>\n<meta name=\"twitter:card\" content=\"summary_large_image\" \/>\n<meta name=\"twitter:label1\" content=\"Est. reading time\" \/>\n\t<meta name=\"twitter:data1\" content=\"1 minute\" \/>\n<script type=\"application\/ld+json\" class=\"yoast-schema-graph\">{\"@context\":\"https:\/\/schema.org\",\"@graph\":[{\"@type\":\"WebPage\",\"@id\":\"https:\/\/rebirth-startnew.com\/impressum\/\",\"url\":\"https:\/\/rebirth-startnew.com\/impressum\/\",\"name\":\"Impressum - Rebirth\",\"isPartOf\":{\"@id\":\"https:\/\/rebirth-startnew.com\/#website\"},\"datePublished\":\"2024-08-05T10:02:43+00:00\",\"dateModified\":\"2025-02-18T23:16:08+00:00\",\"breadcrumb\":{\"@id\":\"https:\/\/rebirth-startnew.com\/impressum\/#breadcrumb\"},\"inLanguage\":\"en-US\",\"potentialAction\":[{\"@type\":\"ReadAction\",\"target\":[\"https:\/\/rebirth-startnew.com\/impressum\/\"]}]},{\"@type\":\"BreadcrumbList\",\"@id\":\"https:\/\/rebirth-startnew.com\/impressum\/#breadcrumb\",\"itemListElement\":[{\"@type\":\"ListItem\",\"position\":1,\"name\":\"Startseite\",\"item\":\"https:\/\/rebirth-startnew.com\/\"},{\"@type\":\"ListItem\",\"position\":2,\"name\":\"Impressum\"}]},{\"@type\":\"WebSite\",\"@id\":\"https:\/\/rebirth-startnew.com\/#website\",\"url\":\"https:\/\/rebirth-startnew.com\/\",\"name\":\"Rebirth BIO Drinks\",\"description\":\"Start New\",\"publisher\":{\"@id\":\"https:\/\/rebirth-startnew.com\/#organization\"},\"alternateName\":\"Rebirth\",\"potentialAction\":[{\"@type\":\"SearchAction\",\"target\":{\"@type\":\"EntryPoint\",\"urlTemplate\":\"https:\/\/rebirth-startnew.com\/?s={search_term_string}\"},\"query-input\":{\"@type\":\"PropertyValueSpecification\",\"valueRequired\":true,\"valueName\":\"search_term_string\"}}],\"inLanguage\":\"en-US\"},{\"@type\":\"Organization\",\"@id\":\"https:\/\/rebirth-startnew.com\/#organization\",\"name\":\"Rebirth Bio Drinks\",\"alternateName\":\"REBIRTH\",\"url\":\"https:\/\/rebirth-startnew.com\/\",\"logo\":{\"@type\":\"ImageObject\",\"inLanguage\":\"en-US\",\"@id\":\"https:\/\/rebirth-startnew.com\/#\/schema\/logo\/image\/\",\"url\":\"https:\/\/rebirth-startnew.com\/wp-content\/uploads\/2024\/08\/Rebirth-Start-New-LG.png\",\"contentUrl\":\"https:\/\/rebirth-startnew.com\/wp-content\/uploads\/2024\/08\/Rebirth-Start-New-LG.png\",\"width\":1000,\"height\":991,\"caption\":\"Rebirth Bio Drinks\"},\"image\":{\"@id\":\"https:\/\/rebirth-startnew.com\/#\/schema\/logo\/image\/\"},\"sameAs\":[\"https:\/\/www.facebook.com\/REBIRTHbioDrinks\",\"https:\/\/www.instagram.com\/rebirth_biodrinks\/\"]}]}<\/script>\n<!-- \/ Yoast SEO plugin. -->","yoast_head_json":{"title":"Impressum - Rebirth","robots":{"index":"index","follow":"follow","max-snippet":"max-snippet:-1","max-image-preview":"max-image-preview:large","max-video-preview":"max-video-preview:-1"},"canonical":"https:\/\/rebirth-startnew.com\/en\/impressum\/","og_locale":"en_US","og_type":"article","og_title":"Impressum - Rebirth","og_description":"Impressum Erkl\u00e4rungen gem\u00e4\u00df \u00a7 5 E-Commerce-Gesetz (ECG) REBIRTH BIO-DRINKS GMBH Neubaugasse 248020 Graz Gesch\u00e4ftsf\u00fchrer Daniel Eibisberger, Markus Krenn Firmenbuchnummer FN 545795 s Firmenbuchgericht LG f\u00fcr ZRS Graz Umsatzsteuer-Identifikationsnummer ATU76466156 Kontakt office@rebirth-biodrinks.com Verantwortlich f\u00fcr die Inhalte gem\u00e4\u00df \u00a7 55 Abs. 2 RStV Daniel Eibisberger, Markus Krenn Informationspflicht lt. ECG Erstellung der Webseite Diese Webseite wurde von [&hellip;]","og_url":"https:\/\/rebirth-startnew.com\/en\/impressum\/","og_site_name":"Rebirth","article_publisher":"https:\/\/www.facebook.com\/REBIRTHbioDrinks","article_modified_time":"2025-02-18T23:16:08+00:00","og_image":[{"width":1000,"height":991,"url":"https:\/\/rebirth-startnew.com\/wp-content\/uploads\/2024\/08\/Rebirth-Start-New-LG.png","type":"image\/png"}],"twitter_card":"summary_large_image","twitter_misc":{"Est. reading time":"1 minute"},"schema":{"@context":"https:\/\/schema.org","@graph":[{"@type":"WebPage","@id":"https:\/\/rebirth-startnew.com\/impressum\/","url":"https:\/\/rebirth-startnew.com\/impressum\/","name":"Impressum - Rebirth","isPartOf":{"@id":"https:\/\/rebirth-startnew.com\/#website"},"datePublished":"2024-08-05T10:02:43+00:00","dateModified":"2025-02-18T23:16:08+00:00","breadcrumb":{"@id":"https:\/\/rebirth-startnew.com\/impressum\/#breadcrumb"},"inLanguage":"en-US","potentialAction":[{"@type":"ReadAction","target":["https:\/\/rebirth-startnew.com\/impressum\/"]}]},{"@type":"BreadcrumbList","@id":"https:\/\/rebirth-startnew.com\/impressum\/#breadcrumb","itemListElement":[{"@type":"ListItem","position":1,"name":"Startseite","item":"https:\/\/rebirth-startnew.com\/"},{"@type":"ListItem","position":2,"name":"Impressum"}]},{"@type":"WebSite","@id":"https:\/\/rebirth-startnew.com\/#website","url":"https:\/\/rebirth-startnew.com\/","name":"Rebirth BIO Drinks","description":"Start New","publisher":{"@id":"https:\/\/rebirth-startnew.com\/#organization"},"alternateName":"Rebirth","potentialAction":[{"@type":"SearchAction","target":{"@type":"EntryPoint","urlTemplate":"https:\/\/rebirth-startnew.com\/?s={search_term_string}"},"query-input":{"@type":"PropertyValueSpecification","valueRequired":true,"valueName":"search_term_string"}}],"inLanguage":"en-US"},{"@type":"Organization","@id":"https:\/\/rebirth-startnew.com\/#organization","name":"Rebirth Bio Drinks","alternateName":"REBIRTH","url":"https:\/\/rebirth-startnew.com\/","logo":{"@type":"ImageObject","inLanguage":"en-US","@id":"https:\/\/rebirth-startnew.com\/#\/schema\/logo\/image\/","url":"https:\/\/rebirth-startnew.com\/wp-content\/uploads\/2024\/08\/Rebirth-Start-New-LG.png","contentUrl":"https:\/\/rebirth-startnew.com\/wp-content\/uploads\/2024\/08\/Rebirth-Start-New-LG.png","width":1000,"height":991,"caption":"Rebirth Bio Drinks"},"image":{"@id":"https:\/\/rebirth-startnew.com\/#\/schema\/logo\/image\/"},"sameAs":["https:\/\/www.facebook.com\/REBIRTHbioDrinks","https:\/\/www.instagram.com\/rebirth_biodrinks\/"]}]}},"_links":{"self":[{"href":"https:\/\/rebirth-startnew.com\/en\/wp-json\/wp\/v2\/pages\/633","targetHints":{"allow":["GET"]}}],"collection":[{"href":"https:\/\/rebirth-startnew.com\/en\/wp-json\/wp\/v2\/pages"}],"about":[{"href":"https:\/\/rebirth-startnew.com\/en\/wp-json\/wp\/v2\/types\/page"}],"author":[{"embeddable":true,"href":"https:\/\/rebirth-startnew.com\/en\/wp-json\/wp\/v2\/users\/1"}],"replies":[{"embeddable":true,"href":"https:\/\/rebirth-startnew.com\/en\/wp-json\/wp\/v2\/comments?post=633"}],"version-history":[{"count":0,"href":"https:\/\/rebirth-startnew.com\/en\/wp-json\/wp\/v2\/pages\/633\/revisions"}],"wp:attachment":[{"href":"https:\/\/rebirth-startnew.com\/en\/wp-json\/wp\/v2\/media?parent=633"}],"curies":[{"name":"wp","href":"https:\/\/api.w.org\/{rel}","templated":true}]}}