{"id":494,"date":"2024-07-27T12:28:30","date_gmt":"2024-07-27T12:28:30","guid":{"rendered":"https:\/\/rebirth-startnew.com\/?page_id=494"},"modified":"2024-08-23T18:34:55","modified_gmt":"2024-08-23T18:34:55","slug":"ueber-uns","status":"publish","type":"page","link":"https:\/\/rebirth-startnew.com\/en\/ueber-uns\/","title":{"rendered":"About Us"},"content":{"rendered":"<div data-elementor-type=\"wp-page\" data-elementor-id=\"494\" class=\"elementor elementor-494\" data-elementor-post-type=\"page\">\n\t\t\t\t\t\t<section class=\"elementor-section elementor-top-section elementor-element elementor-element-b5a68c5 elementor-section-boxed elementor-section-height-default elementor-section-height-default\" data-id=\"b5a68c5\" data-element_type=\"section\" data-e-type=\"section\">\n\t\t\t\t\t\t<div class=\"elementor-container elementor-column-gap-default\">\n\t\t\t\t\t<div class=\"elementor-column elementor-col-100 elementor-top-column elementor-element elementor-element-445de49\" data-id=\"445de49\" data-element_type=\"column\" data-e-type=\"column\">\n\t\t\t<div class=\"elementor-widget-wrap elementor-element-populated\">\n\t\t\t\t\t\t<div class=\"elementor-element elementor-element-2bf8aae elementor-widget elementor-widget-heading\" data-id=\"2bf8aae\" data-element_type=\"widget\" data-e-type=\"widget\" data-widget_type=\"heading.default\">\n\t\t\t\t<div class=\"elementor-widget-container\">\n\t\t\t\t\t<h1 class=\"elementor-heading-title elementor-size-default\">\u00dcber uns<\/h1>\t\t\t\t<\/div>\n\t\t\t\t<\/div>\n\t\t\t\t<div class=\"elementor-element elementor-element-f28337a elementor-widget-divider--view-line elementor-widget elementor-widget-divider\" data-id=\"f28337a\" data-element_type=\"widget\" data-e-type=\"widget\" data-widget_type=\"divider.default\">\n\t\t\t\t<div class=\"elementor-widget-container\">\n\t\t\t\t\t\t\t<div class=\"elementor-divider\">\n\t\t\t<span class=\"elementor-divider-separator\">\n\t\t\t\t\t\t<\/span>\n\t\t<\/div>\n\t\t\t\t\t\t<\/div>\n\t\t\t\t<\/div>\n\t\t\t\t<section class=\"elementor-section elementor-inner-section elementor-element elementor-element-0121c0a elementor-section-boxed elementor-section-height-default elementor-section-height-default\" data-id=\"0121c0a\" data-element_type=\"section\" data-e-type=\"section\">\n\t\t\t\t\t\t<div class=\"elementor-container elementor-column-gap-default\">\n\t\t\t\t\t<div class=\"elementor-column elementor-col-50 elementor-inner-column elementor-element elementor-element-60ebcd9\" data-id=\"60ebcd9\" data-element_type=\"column\" data-e-type=\"column\">\n\t\t\t<div class=\"elementor-widget-wrap elementor-element-populated\">\n\t\t\t\t\t\t<div class=\"elementor-element elementor-element-0f4307b eael-team-align-eael-team-align-default elementor-widget elementor-widget-eael-team-member\" data-id=\"0f4307b\" data-element_type=\"widget\" data-e-type=\"widget\" data-widget_type=\"eael-team-member.default\">\n\t\t\t\t<div class=\"elementor-widget-container\">\n\t\t\t\t\t\n\n\t<div id=\"eael-team-member-0f4307b\" class=\"eael-team-item eael-team-members-simple\">\n\t\t<div class=\"eael-team-item-inner\">\n\t\t\t<div class=\"eael-team-image\">\n\t\t\t\t<figure>\n\t\t\t\t\t\t\t\t\t\t<img decoding=\"async\" src=\"https:\/\/rebirth-startnew.com\/wp-content\/uploads\/2024\/07\/lg.png\" alt=\"\">\n\t\t\t\t\t\t\t\t\t<\/figure>\n\t\t\t\t\n\t\t\t\t\n\t\t\t<\/div>\n\n\t\t\t<div class=\"eael-team-content\">\n\t\t\t\t<h2 class=\"eael-team-member-name\">Daniel Eibisberger &amp; Markus Krenn<\/h2><h3 class=\"eael-team-member-position\">CEO &amp; Founder bei REBIRTH<\/h3>\n\t\t\t\t\t\t\t\t\t\t\t\t\t\t<p class=\"eael-team-text\"><\/p>\n\t\t\t\t\t\t\t<\/div>\n\t\t<\/div>\n\t<\/div>\n\t\t\t\t\t<\/div>\n\t\t\t\t<\/div>\n\t\t\t\t\t<\/div>\n\t\t<\/div>\n\t\t\t\t<div class=\"elementor-column elementor-col-50 elementor-inner-column elementor-element elementor-element-8841406\" data-id=\"8841406\" data-element_type=\"column\" data-e-type=\"column\">\n\t\t\t<div class=\"elementor-widget-wrap elementor-element-populated\">\n\t\t\t\t\t\t<div class=\"elementor-element elementor-element-ea5ed06 elementor-widget elementor-widget-text-editor\" data-id=\"ea5ed06\" data-element_type=\"widget\" data-e-type=\"widget\" data-widget_type=\"text-editor.default\">\n\t\t\t\t<div class=\"elementor-widget-container\">\n\t\t\t\t\t\t\t\t\t<p class=\"whitespace-pre-wrap break-words\">Bei REBIRTH haben wir, Daniel Eibisberger und Markus Krenn, eine Mission: Wir wollen die Getr\u00e4nkewelt revolutionieren, indem wir Genuss mit Gesundheit und Nachhaltigkeit vereinen.<\/p><p class=\"whitespace-pre-wrap break-words\">Unsere Geschichte begann mit einer einfachen Beobachtung. Als gesundheitsbewusste Menschen stellten wir fest, dass der Getr\u00e4nkemarkt keine Optionen bot, die unserem Lebensstil entsprachen. Die Wahl beschr\u00e4nkte sich oft auf ungesunde, \u00fcberzuckerte Energydrinks oder geschmacklose Alternativen.<\/p><p class=\"whitespace-pre-wrap break-words\">Getrieben von dem Wunsch, es besser zu machen als die herk\u00f6mmliche Getr\u00e4nkeindustrie, entwickelten wir unsere Vision: Ein Getr\u00e4nk zu kreieren, das nicht nur erfrischt, sondern auch gut f\u00fcr K\u00f6rper und Planeten ist.<\/p>\t\t\t\t\t\t\t\t<\/div>\n\t\t\t\t<\/div>\n\t\t\t\t\t<\/div>\n\t\t<\/div>\n\t\t\t\t\t<\/div>\n\t\t<\/section>\n\t\t\t\t<div class=\"elementor-element elementor-element-da75d9c elementor-widget elementor-widget-text-editor\" data-id=\"da75d9c\" data-element_type=\"widget\" data-e-type=\"widget\" data-widget_type=\"text-editor.default\">\n\t\t\t\t<div class=\"elementor-widget-container\">\n\t\t\t\t\t\t\t\t\t<p>REBIRTH ist das Ergebnis dieser Vision &#8211; ein Getr\u00e4nk, das Geschmack, Gesundheit und Nachhaltigkeit in perfekter Harmonie vereint.<\/p><p>Jeder Schluck REBIRTH enth\u00e4lt unsere Leidenschaft, unsere Vision und unser Engagement f\u00fcr eine bessere Zukunft.<\/p>\t\t\t\t\t\t\t\t<\/div>\n\t\t\t\t<\/div>\n\t\t\t\t<div class=\"elementor-element elementor-element-13076ab elementor-widget-divider--view-line elementor-widget elementor-widget-divider\" data-id=\"13076ab\" data-element_type=\"widget\" data-e-type=\"widget\" data-widget_type=\"divider.default\">\n\t\t\t\t<div class=\"elementor-widget-container\">\n\t\t\t\t\t\t\t<div class=\"elementor-divider\">\n\t\t\t<span class=\"elementor-divider-separator\">\n\t\t\t\t\t\t<\/span>\n\t\t<\/div>\n\t\t\t\t\t\t<\/div>\n\t\t\t\t<\/div>\n\t\t\t\t\t<\/div>\n\t\t<\/div>\n\t\t\t\t\t<\/div>\n\t\t<\/section>\n\t\t\t\t<\/div>","protected":false},"excerpt":{"rendered":"<p>\u00dcber uns Daniel Eibisberger &amp; Markus Krenn CEO &amp; Founder bei REBIRTH Bei REBIRTH haben wir, Daniel Eibisberger und Markus Krenn, eine Mission: Wir wollen die Getr\u00e4nkewelt revolutionieren, indem wir Genuss mit Gesundheit und Nachhaltigkeit vereinen. Unsere Geschichte begann mit einer einfachen Beobachtung. Als gesundheitsbewusste Menschen stellten wir fest, dass der Getr\u00e4nkemarkt keine Optionen bot, [&hellip;]<\/p>","protected":false},"author":1,"featured_media":0,"parent":0,"menu_order":0,"comment_status":"closed","ping_status":"closed","template":"","meta":{"_acf_changed":false,"ocean_post_layout":"","ocean_both_sidebars_style":"","ocean_both_sidebars_content_width":0,"ocean_both_sidebars_sidebars_width":0,"ocean_sidebar":"","ocean_second_sidebar":"","ocean_disable_margins":"enable","ocean_add_body_class":"","ocean_shortcode_before_top_bar":"","ocean_shortcode_after_top_bar":"","ocean_shortcode_before_header":"","ocean_shortcode_after_header":"","ocean_has_shortcode":"","ocean_shortcode_after_title":"","ocean_shortcode_before_footer_widgets":"","ocean_shortcode_after_footer_widgets":"","ocean_shortcode_before_footer_bottom":"","ocean_shortcode_after_footer_bottom":"","ocean_display_top_bar":"default","ocean_display_header":"default","ocean_header_style":"","ocean_center_header_left_menu":"","ocean_custom_header_template":"","ocean_custom_logo":0,"ocean_custom_retina_logo":0,"ocean_custom_logo_max_width":0,"ocean_custom_logo_tablet_max_width":0,"ocean_custom_logo_mobile_max_width":0,"ocean_custom_logo_max_height":0,"ocean_custom_logo_tablet_max_height":0,"ocean_custom_logo_mobile_max_height":0,"ocean_header_custom_menu":"","ocean_menu_typo_font_family":"","ocean_menu_typo_font_subset":"","ocean_menu_typo_font_size":0,"ocean_menu_typo_font_size_tablet":0,"ocean_menu_typo_font_size_mobile":0,"ocean_menu_typo_font_size_unit":"px","ocean_menu_typo_font_weight":"","ocean_menu_typo_font_weight_tablet":"","ocean_menu_typo_font_weight_mobile":"","ocean_menu_typo_transform":"","ocean_menu_typo_transform_tablet":"","ocean_menu_typo_transform_mobile":"","ocean_menu_typo_line_height":0,"ocean_menu_typo_line_height_tablet":0,"ocean_menu_typo_line_height_mobile":0,"ocean_menu_typo_line_height_unit":"","ocean_menu_typo_spacing":0,"ocean_menu_typo_spacing_tablet":0,"ocean_menu_typo_spacing_mobile":0,"ocean_menu_typo_spacing_unit":"","ocean_menu_link_color":"","ocean_menu_link_color_hover":"","ocean_menu_link_color_active":"","ocean_menu_link_background":"","ocean_menu_link_hover_background":"","ocean_menu_link_active_background":"","ocean_menu_social_links_bg":"","ocean_menu_social_hover_links_bg":"","ocean_menu_social_links_color":"","ocean_menu_social_hover_links_color":"","ocean_disable_title":"default","ocean_disable_heading":"default","ocean_post_title":"","ocean_post_subheading":"","ocean_post_title_style":"","ocean_post_title_background_color":"","ocean_post_title_background":0,"ocean_post_title_bg_image_position":"","ocean_post_title_bg_image_attachment":"","ocean_post_title_bg_image_repeat":"","ocean_post_title_bg_image_size":"","ocean_post_title_height":0,"ocean_post_title_bg_overlay":0.5,"ocean_post_title_bg_overlay_color":"","ocean_disable_breadcrumbs":"default","ocean_breadcrumbs_color":"","ocean_breadcrumbs_separator_color":"","ocean_breadcrumbs_links_color":"","ocean_breadcrumbs_links_hover_color":"","ocean_display_footer_widgets":"default","ocean_display_footer_bottom":"default","ocean_custom_footer_template":"","omw_enable_modal_window":"enable","footnotes":""},"class_list":["post-494","page","type-page","status-publish","hentry","entry","owp-thumbs-layout-horizontal","owp-btn-normal","owp-tabs-layout-vertical","has-no-thumbnails"],"acf":[],"yoast_head":"<!-- This site is optimized with the Yoast SEO plugin v27.4 - https:\/\/yoast.com\/product\/yoast-seo-wordpress\/ -->\n<title>\u00dcber Uns - Rebirth<\/title>\n<meta name=\"robots\" content=\"index, follow, max-snippet:-1, max-image-preview:large, max-video-preview:-1\" \/>\n<link rel=\"canonical\" href=\"https:\/\/rebirth-startnew.com\/en\/ueber-uns\/\" \/>\n<meta property=\"og:locale\" content=\"en_US\" \/>\n<meta property=\"og:type\" content=\"article\" \/>\n<meta property=\"og:title\" content=\"\u00dcber Uns - Rebirth\" \/>\n<meta property=\"og:description\" content=\"\u00dcber uns Daniel Eibisberger &amp; Markus Krenn CEO &amp; Founder bei REBIRTH Bei REBIRTH haben wir, Daniel Eibisberger und Markus Krenn, eine Mission: Wir wollen die Getr\u00e4nkewelt revolutionieren, indem wir Genuss mit Gesundheit und Nachhaltigkeit vereinen. Unsere Geschichte begann mit einer einfachen Beobachtung. Als gesundheitsbewusste Menschen stellten wir fest, dass der Getr\u00e4nkemarkt keine Optionen bot, [&hellip;]\" \/>\n<meta property=\"og:url\" content=\"https:\/\/rebirth-startnew.com\/en\/ueber-uns\/\" \/>\n<meta property=\"og:site_name\" content=\"Rebirth\" \/>\n<meta property=\"article:publisher\" content=\"https:\/\/www.facebook.com\/REBIRTHbioDrinks\" \/>\n<meta property=\"article:modified_time\" content=\"2024-08-23T18:34:55+00:00\" \/>\n<meta property=\"og:image\" content=\"https:\/\/rebirth-startnew.com\/wp-content\/uploads\/2024\/07\/lg.png\" \/>\n<meta name=\"twitter:card\" content=\"summary_large_image\" \/>\n<meta name=\"twitter:label1\" content=\"Est. reading time\" \/>\n\t<meta name=\"twitter:data1\" content=\"1 minute\" \/>\n<script type=\"application\/ld+json\" class=\"yoast-schema-graph\">{\"@context\":\"https:\\\/\\\/schema.org\",\"@graph\":[{\"@type\":\"WebPage\",\"@id\":\"https:\\\/\\\/rebirth-startnew.com\\\/ueber-uns\\\/\",\"url\":\"https:\\\/\\\/rebirth-startnew.com\\\/ueber-uns\\\/\",\"name\":\"\u00dcber Uns - Rebirth\",\"isPartOf\":{\"@id\":\"https:\\\/\\\/rebirth-startnew.com\\\/#website\"},\"primaryImageOfPage\":{\"@id\":\"https:\\\/\\\/rebirth-startnew.com\\\/ueber-uns\\\/#primaryimage\"},\"image\":{\"@id\":\"https:\\\/\\\/rebirth-startnew.com\\\/ueber-uns\\\/#primaryimage\"},\"thumbnailUrl\":\"https:\\\/\\\/rebirth-startnew.com\\\/wp-content\\\/uploads\\\/2024\\\/07\\\/lg.png\",\"datePublished\":\"2024-07-27T12:28:30+00:00\",\"dateModified\":\"2024-08-23T18:34:55+00:00\",\"breadcrumb\":{\"@id\":\"https:\\\/\\\/rebirth-startnew.com\\\/ueber-uns\\\/#breadcrumb\"},\"inLanguage\":\"en-US\",\"potentialAction\":[{\"@type\":\"ReadAction\",\"target\":[\"https:\\\/\\\/rebirth-startnew.com\\\/ueber-uns\\\/\"]}]},{\"@type\":\"ImageObject\",\"inLanguage\":\"en-US\",\"@id\":\"https:\\\/\\\/rebirth-startnew.com\\\/ueber-uns\\\/#primaryimage\",\"url\":\"https:\\\/\\\/rebirth-startnew.com\\\/wp-content\\\/uploads\\\/2024\\\/07\\\/lg.png\",\"contentUrl\":\"https:\\\/\\\/rebirth-startnew.com\\\/wp-content\\\/uploads\\\/2024\\\/07\\\/lg.png\"},{\"@type\":\"BreadcrumbList\",\"@id\":\"https:\\\/\\\/rebirth-startnew.com\\\/ueber-uns\\\/#breadcrumb\",\"itemListElement\":[{\"@type\":\"ListItem\",\"position\":1,\"name\":\"Startseite\",\"item\":\"https:\\\/\\\/rebirth-startnew.com\\\/\"},{\"@type\":\"ListItem\",\"position\":2,\"name\":\"\u00dcber Uns\"}]},{\"@type\":\"WebSite\",\"@id\":\"https:\\\/\\\/rebirth-startnew.com\\\/#website\",\"url\":\"https:\\\/\\\/rebirth-startnew.com\\\/\",\"name\":\"Rebirth BIO Drinks\",\"description\":\"Start New\",\"publisher\":{\"@id\":\"https:\\\/\\\/rebirth-startnew.com\\\/#organization\"},\"alternateName\":\"Rebirth\",\"potentialAction\":[{\"@type\":\"SearchAction\",\"target\":{\"@type\":\"EntryPoint\",\"urlTemplate\":\"https:\\\/\\\/rebirth-startnew.com\\\/?s={search_term_string}\"},\"query-input\":{\"@type\":\"PropertyValueSpecification\",\"valueRequired\":true,\"valueName\":\"search_term_string\"}}],\"inLanguage\":\"en-US\"},{\"@type\":\"Organization\",\"@id\":\"https:\\\/\\\/rebirth-startnew.com\\\/#organization\",\"name\":\"Rebirth Bio Drinks\",\"alternateName\":\"REBIRTH\",\"url\":\"https:\\\/\\\/rebirth-startnew.com\\\/\",\"logo\":{\"@type\":\"ImageObject\",\"inLanguage\":\"en-US\",\"@id\":\"https:\\\/\\\/rebirth-startnew.com\\\/#\\\/schema\\\/logo\\\/image\\\/\",\"url\":\"https:\\\/\\\/rebirth-startnew.com\\\/wp-content\\\/uploads\\\/2024\\\/08\\\/Rebirth-Start-New-LG.png\",\"contentUrl\":\"https:\\\/\\\/rebirth-startnew.com\\\/wp-content\\\/uploads\\\/2024\\\/08\\\/Rebirth-Start-New-LG.png\",\"width\":1000,\"height\":991,\"caption\":\"Rebirth Bio Drinks\"},\"image\":{\"@id\":\"https:\\\/\\\/rebirth-startnew.com\\\/#\\\/schema\\\/logo\\\/image\\\/\"},\"sameAs\":[\"https:\\\/\\\/www.facebook.com\\\/REBIRTHbioDrinks\",\"https:\\\/\\\/www.instagram.com\\\/rebirth_biodrinks\\\/\"]}]}<\/script>\n<!-- \/ Yoast SEO plugin. -->","yoast_head_json":{"title":"\u00dcber Uns - Rebirth","robots":{"index":"index","follow":"follow","max-snippet":"max-snippet:-1","max-image-preview":"max-image-preview:large","max-video-preview":"max-video-preview:-1"},"canonical":"https:\/\/rebirth-startnew.com\/en\/ueber-uns\/","og_locale":"en_US","og_type":"article","og_title":"\u00dcber Uns - Rebirth","og_description":"\u00dcber uns Daniel Eibisberger &amp; Markus Krenn CEO &amp; Founder bei REBIRTH Bei REBIRTH haben wir, Daniel Eibisberger und Markus Krenn, eine Mission: Wir wollen die Getr\u00e4nkewelt revolutionieren, indem wir Genuss mit Gesundheit und Nachhaltigkeit vereinen. Unsere Geschichte begann mit einer einfachen Beobachtung. Als gesundheitsbewusste Menschen stellten wir fest, dass der Getr\u00e4nkemarkt keine Optionen bot, [&hellip;]","og_url":"https:\/\/rebirth-startnew.com\/en\/ueber-uns\/","og_site_name":"Rebirth","article_publisher":"https:\/\/www.facebook.com\/REBIRTHbioDrinks","article_modified_time":"2024-08-23T18:34:55+00:00","og_image":[{"url":"https:\/\/rebirth-startnew.com\/wp-content\/uploads\/2024\/07\/lg.png","type":"","width":"","height":""}],"twitter_card":"summary_large_image","twitter_misc":{"Est. reading time":"1 minute"},"schema":{"@context":"https:\/\/schema.org","@graph":[{"@type":"WebPage","@id":"https:\/\/rebirth-startnew.com\/ueber-uns\/","url":"https:\/\/rebirth-startnew.com\/ueber-uns\/","name":"\u00dcber Uns - Rebirth","isPartOf":{"@id":"https:\/\/rebirth-startnew.com\/#website"},"primaryImageOfPage":{"@id":"https:\/\/rebirth-startnew.com\/ueber-uns\/#primaryimage"},"image":{"@id":"https:\/\/rebirth-startnew.com\/ueber-uns\/#primaryimage"},"thumbnailUrl":"https:\/\/rebirth-startnew.com\/wp-content\/uploads\/2024\/07\/lg.png","datePublished":"2024-07-27T12:28:30+00:00","dateModified":"2024-08-23T18:34:55+00:00","breadcrumb":{"@id":"https:\/\/rebirth-startnew.com\/ueber-uns\/#breadcrumb"},"inLanguage":"en-US","potentialAction":[{"@type":"ReadAction","target":["https:\/\/rebirth-startnew.com\/ueber-uns\/"]}]},{"@type":"ImageObject","inLanguage":"en-US","@id":"https:\/\/rebirth-startnew.com\/ueber-uns\/#primaryimage","url":"https:\/\/rebirth-startnew.com\/wp-content\/uploads\/2024\/07\/lg.png","contentUrl":"https:\/\/rebirth-startnew.com\/wp-content\/uploads\/2024\/07\/lg.png"},{"@type":"BreadcrumbList","@id":"https:\/\/rebirth-startnew.com\/ueber-uns\/#breadcrumb","itemListElement":[{"@type":"ListItem","position":1,"name":"Startseite","item":"https:\/\/rebirth-startnew.com\/"},{"@type":"ListItem","position":2,"name":"\u00dcber Uns"}]},{"@type":"WebSite","@id":"https:\/\/rebirth-startnew.com\/#website","url":"https:\/\/rebirth-startnew.com\/","name":"Rebirth BIO Drinks","description":"Start New","publisher":{"@id":"https:\/\/rebirth-startnew.com\/#organization"},"alternateName":"Rebirth","potentialAction":[{"@type":"SearchAction","target":{"@type":"EntryPoint","urlTemplate":"https:\/\/rebirth-startnew.com\/?s={search_term_string}"},"query-input":{"@type":"PropertyValueSpecification","valueRequired":true,"valueName":"search_term_string"}}],"inLanguage":"en-US"},{"@type":"Organization","@id":"https:\/\/rebirth-startnew.com\/#organization","name":"Rebirth Bio Drinks","alternateName":"REBIRTH","url":"https:\/\/rebirth-startnew.com\/","logo":{"@type":"ImageObject","inLanguage":"en-US","@id":"https:\/\/rebirth-startnew.com\/#\/schema\/logo\/image\/","url":"https:\/\/rebirth-startnew.com\/wp-content\/uploads\/2024\/08\/Rebirth-Start-New-LG.png","contentUrl":"https:\/\/rebirth-startnew.com\/wp-content\/uploads\/2024\/08\/Rebirth-Start-New-LG.png","width":1000,"height":991,"caption":"Rebirth Bio Drinks"},"image":{"@id":"https:\/\/rebirth-startnew.com\/#\/schema\/logo\/image\/"},"sameAs":["https:\/\/www.facebook.com\/REBIRTHbioDrinks","https:\/\/www.instagram.com\/rebirth_biodrinks\/"]}]}},"_links":{"self":[{"href":"https:\/\/rebirth-startnew.com\/en\/wp-json\/wp\/v2\/pages\/494","targetHints":{"allow":["GET"]}}],"collection":[{"href":"https:\/\/rebirth-startnew.com\/en\/wp-json\/wp\/v2\/pages"}],"about":[{"href":"https:\/\/rebirth-startnew.com\/en\/wp-json\/wp\/v2\/types\/page"}],"author":[{"embeddable":true,"href":"https:\/\/rebirth-startnew.com\/en\/wp-json\/wp\/v2\/users\/1"}],"replies":[{"embeddable":true,"href":"https:\/\/rebirth-startnew.com\/en\/wp-json\/wp\/v2\/comments?post=494"}],"version-history":[{"count":0,"href":"https:\/\/rebirth-startnew.com\/en\/wp-json\/wp\/v2\/pages\/494\/revisions"}],"wp:attachment":[{"href":"https:\/\/rebirth-startnew.com\/en\/wp-json\/wp\/v2\/media?parent=494"}],"curies":[{"name":"wp","href":"https:\/\/api.w.org\/{rel}","templated":true}]}}