{"id":21,"date":"2024-08-03T09:02:01","date_gmt":"2024-08-03T09:02:01","guid":{"rendered":"https:\/\/oceanwp.org\/simple\/?page_id=21"},"modified":"2025-02-18T19:43:38","modified_gmt":"2025-02-18T19:43:38","slug":"kontakt","status":"publish","type":"page","link":"https:\/\/rebirth-startnew.com\/en\/kontakt\/","title":{"rendered":"Contact"},"content":{"rendered":"<div data-elementor-type=\"wp-post\" data-elementor-id=\"21\" class=\"elementor elementor-21\" data-elementor-post-type=\"page\">\n\t\t\t\t\t\t<section class=\"elementor-section elementor-top-section elementor-element elementor-element-buqercf elementor-section-boxed elementor-section-height-default elementor-section-height-default\" data-id=\"buqercf\" data-element_type=\"section\">\n\t\t\t\t\t\t<div class=\"elementor-container elementor-column-gap-default\">\n\t\t\t\t\t<div class=\"elementor-column elementor-col-100 elementor-top-column elementor-element elementor-element-givxsvg\" data-id=\"givxsvg\" data-element_type=\"column\">\n\t\t\t<div class=\"elementor-widget-wrap elementor-element-populated\">\n\t\t\t\t\t\t<div class=\"elementor-element elementor-element-gul6d1v elementor-widget elementor-widget-heading\" data-id=\"gul6d1v\" data-element_type=\"widget\" data-widget_type=\"heading.default\">\n\t\t\t\t<div class=\"elementor-widget-container\">\n\t\t\t\t\t<h1 class=\"elementor-heading-title elementor-size-default\">Contact<\/h1>\t\t\t\t<\/div>\n\t\t\t\t<\/div>\n\t\t\t\t<div class=\"elementor-element elementor-element-txhf7o5 elementor-widget-divider--view-line elementor-widget elementor-widget-divider\" data-id=\"txhf7o5\" data-element_type=\"widget\" data-widget_type=\"divider.default\">\n\t\t\t\t<div class=\"elementor-widget-container\">\n\t\t\t\t\t\t\t<div class=\"elementor-divider\">\n\t\t\t<span class=\"elementor-divider-separator\">\n\t\t\t\t\t\t<\/span>\n\t\t<\/div>\n\t\t\t\t\t\t<\/div>\n\t\t\t\t<\/div>\n\t\t\t\t<section class=\"elementor-section elementor-inner-section elementor-element elementor-element-0p5xxbk elementor-section-boxed elementor-section-height-default elementor-section-height-default\" data-id=\"0p5xxbk\" data-element_type=\"section\">\n\t\t\t\t\t\t<div class=\"elementor-container elementor-column-gap-default\">\n\t\t\t\t\t<div class=\"elementor-column elementor-col-100 elementor-inner-column elementor-element elementor-element-q8ay9ha\" data-id=\"q8ay9ha\" data-element_type=\"column\">\n\t\t\t<div class=\"elementor-widget-wrap elementor-element-populated\">\n\t\t\t\t\t\t<div class=\"elementor-element elementor-element-51318ef elementor-widget elementor-widget-text-editor\" data-id=\"51318ef\" data-element_type=\"widget\" data-widget_type=\"text-editor.default\">\n\t\t\t\t<div class=\"elementor-widget-container\">\n\t\t\t\t\t\t\t\t\t<p>Hast du Fragen zu Rebirth? Wir sind f\u00fcr dich da!<\/p><p>Ob du mehr \u00fcber unseren Bio Drink erfahren m\u00f6chtest, eine Verkaufsstelle in deiner N\u00e4he suchst oder Interesse an einer Zusammenarbeit hast &#8211; wir freuen uns von dir zu h\u00f6ren.<\/p>\t\t\t\t\t\t\t\t<\/div>\n\t\t\t\t<\/div>\n\t\t\t\t<div class=\"elementor-element elementor-element-27eb943 elementor-widget elementor-widget-wpforms\" data-id=\"27eb943\" data-element_type=\"widget\" data-widget_type=\"wpforms.default\">\n\t\t\t\t<div class=\"elementor-widget-container\">\n\t\t\t\t\t<style id=\"wpforms-css-vars-elementor-widget-27eb943\">\n\t\t\t\t.elementor-widget-wpforms.elementor-element-27eb943 {\n\t\t\t\t--wpforms-button-background-color: #C6C951;\n\t\t\t}\n\t\t\t<\/style><div class=\"wpforms-container wpforms-container-full wpforms-render-modern\" id=\"wpforms-305\"><form id=\"wpforms-form-305\" class=\"wpforms-validate wpforms-form\" data-formid=\"305\" method=\"post\" enctype=\"multipart\/form-data\" action=\"\/en\/wp-json\/wp\/v2\/pages\/21\" data-token=\"f54b464a944c5ee54dd2054d284f04c9\" data-token-time=\"1776522793\" data-trp-original-action=\"\/en\/wp-json\/wp\/v2\/pages\/21\"><noscript class=\"wpforms-error-noscript\">Please enable JavaScript in your browser to complete this form.<\/noscript><div id=\"wpforms-error-noscript\" style=\"display: none;\">Please enable JavaScript in your browser to complete this form.<\/div><div class=\"wpforms-field-container\"><div id=\"wpforms-305-field_3-container\" class=\"wpforms-field wpforms-field-select wpforms-field-select-style-classic\" data-field-id=\"3\"><label class=\"wpforms-field-label\" for=\"wpforms-305-field_3\">Reason for inquiry <span class=\"wpforms-required-label\" aria-hidden=\"true\">*<\/span><\/label><select id=\"wpforms-305-field_3\" class=\"wpforms-field-medium wpforms-field-required\" name=\"wpforms[fields][3]\" required=\"required\"><option value=\"Allgemeine Anfrage\"  selected='selected' class=\"choice-1 depth-1\"  >Allgemeine Anfrage<\/option><option value=\"Bestellung und Lieferung\"  class=\"choice-2 depth-1\"  >Bestellung und Lieferung<\/option><option value=\"Feedback oder Vorschl\u00e4ge\"  class=\"choice-3 depth-1\"  >Feedback oder Vorschl\u00e4ge<\/option><option value=\"Fragen zur Nachhaltigkeit oder Zutaten\"  class=\"choice-4 depth-1\"  >Fragen zur Nachhaltigkeit oder Zutaten<\/option><option value=\"Werbung und Kooperationen\"  class=\"choice-5 depth-1\"  >Werbung und Kooperationen<\/option><\/select><\/div><div id=\"wpforms-305-field_0-container\" class=\"wpforms-field wpforms-field-name\" data-field-id=\"0\"><fieldset><legend class=\"wpforms-field-label\">Name <span class=\"wpforms-required-label\" aria-hidden=\"true\">*<\/span><\/legend><div class=\"wpforms-field-row wpforms-field-large\"><div class=\"wpforms-field-row-block wpforms-first wpforms-one-half\"><input type=\"text\" id=\"wpforms-305-field_0\" class=\"wpforms-field-name-first wpforms-field-required\" name=\"wpforms[fields][0][first]\" aria-errormessage=\"wpforms-305-field_0-error\" required><label for=\"wpforms-305-field_0\" class=\"wpforms-field-sublabel after\">First<\/label><\/div><div class=\"wpforms-field-row-block wpforms-one-half\"><input type=\"text\" id=\"wpforms-305-field_0-last\" class=\"wpforms-field-name-last wpforms-field-required\" name=\"wpforms[fields][0][last]\" aria-errormessage=\"wpforms-305-field_0-last-error\" required><label for=\"wpforms-305-field_0-last\" class=\"wpforms-field-sublabel after\">Last<\/label><\/div><\/div><\/fieldset><\/div><div id=\"wpforms-305-field_1-container\" class=\"wpforms-field wpforms-field-email\" data-field-id=\"1\"><label class=\"wpforms-field-label\" for=\"wpforms-305-field_1\">Email <span class=\"wpforms-required-label\" aria-hidden=\"true\">*<\/span><\/label><input type=\"email\" id=\"wpforms-305-field_1\" class=\"wpforms-field-medium wpforms-field-required\" name=\"wpforms[fields][1]\" spellcheck=\"false\" aria-errormessage=\"wpforms-305-field_1-error\" required><\/div><div id=\"wpforms-305-field_2-container\" class=\"wpforms-field wpforms-field-textarea\" data-field-id=\"2\"><label class=\"wpforms-field-label\" for=\"wpforms-305-field_2\">Nachricht <span class=\"wpforms-required-label\" aria-hidden=\"true\">*<\/span><\/label><textarea id=\"wpforms-305-field_2\" class=\"wpforms-field-medium wpforms-field-required\" name=\"wpforms[fields][2]\" aria-errormessage=\"wpforms-305-field_2-error\" required><\/textarea><\/div><\/div><!-- .wpforms-field-container --><div class=\"wpforms-field wpforms-field-hp\"><label for=\"wpforms-305-field-hp\" class=\"wpforms-field-label\">Name<\/label><input type=\"text\" name=\"wpforms[hp]\" id=\"wpforms-305-field-hp\" class=\"wpforms-field-medium\"><\/div><div class=\"wpforms-recaptcha-container wpforms-is-recaptcha wpforms-is-recaptcha-type-v2\" ><div class=\"g-recaptcha\" data-sitekey=\"6Lcx8-8rAAAAAK1Gt7Ln5K4H10wuHLRFwtErzhTU\"><\/div><input type=\"text\" name=\"g-recaptcha-hidden\" class=\"wpforms-recaptcha-hidden\" style=\"position:absolute!important;clip:rect(0,0,0,0)!important;height:1px!important;width:1px!important;border:0!important;overflow:hidden!important;padding:0!important;margin:0!important;\" data-rule-recaptcha=\"1\"><\/div><div class=\"wpforms-submit-container\" ><input type=\"hidden\" name=\"wpforms[id]\" value=\"305\"><input type=\"hidden\" name=\"page_title\" value=\"\"><input type=\"hidden\" name=\"page_url\" value=\"https:\/\/rebirth-startnew.com\/en\/wp-json\/wp\/v2\/pages\/21\"><input type=\"hidden\" name=\"url_referer\" value=\"\"><button type=\"submit\" name=\"wpforms[submit]\" id=\"wpforms-submit-305\" class=\"wpforms-submit\" data-alt-text=\"senden...\" data-submit-text=\"Nachricht senden\" aria-live=\"assertive\" value=\"wpforms-submit\">Send message<\/button><\/div><input type=\"hidden\" name=\"trp-form-language\" value=\"en\"\/><\/form><\/div>  <!-- .wpforms-container -->\t\t\t\t<\/div>\n\t\t\t\t<\/div>\n\t\t\t\t\t<\/div>\n\t\t<\/div>\n\t\t\t\t\t<\/div>\n\t\t<\/section>\n\t\t\t\t\t<\/div>\n\t\t<\/div>\n\t\t\t\t\t<\/div>\n\t\t<\/section>\n\t\t<div class=\"elementor-element elementor-element-1b9a88c e-con-full e-flex e-con e-parent\" data-id=\"1b9a88c\" data-element_type=\"container\">\n\t\t\t\t<div class=\"elementor-element elementor-element-d6f4a9f elementor-widget elementor-widget-osm-map-elementor\" data-id=\"d6f4a9f\" data-element_type=\"widget\" data-widget_type=\"osm-map-elementor.default\">\n\t\t\t\t<div class=\"elementor-widget-container\">\n\t\t\t\t\t<div id=\"osm-map-d6f4a9f\" \n        class=\"osm-map-container\" \n        data-center=\"47.077610573888,15.431288012588\"><\/div>        <script type=\"text\/javascript\">\n                    <\/script>\n        \t\t\t\t<\/div>\n\t\t\t\t<\/div>\n\t\t\t\t<\/div>\n\t\t\t\t<\/div>","protected":false},"excerpt":{"rendered":"<p>Kontakt Hast du Fragen zu Rebirth? Wir sind f\u00fcr dich da! Ob du mehr \u00fcber unseren Bio Drink erfahren m\u00f6chtest, eine Verkaufsstelle in deiner N\u00e4he suchst oder Interesse an einer Zusammenarbeit hast &#8211; wir freuen uns von dir zu h\u00f6ren. Bitte aktiviere JavaScript in deinem Browser, um dieses Formular fertigzustellen.Bitte aktiviere JavaScript in deinem Browser, [&hellip;]<\/p>","protected":false},"author":1,"featured_media":0,"parent":0,"menu_order":0,"comment_status":"closed","ping_status":"closed","template":"","meta":{"_acf_changed":false,"ocean_post_layout":"full-screen","ocean_both_sidebars_style":"","ocean_both_sidebars_content_width":0,"ocean_both_sidebars_sidebars_width":0,"ocean_sidebar":"0","ocean_second_sidebar":"","ocean_disable_margins":"on","ocean_add_body_class":"","ocean_shortcode_before_top_bar":"","ocean_shortcode_after_top_bar":"","ocean_shortcode_before_header":"","ocean_shortcode_after_header":"","ocean_has_shortcode":"","ocean_shortcode_after_title":"","ocean_shortcode_before_footer_widgets":"","ocean_shortcode_after_footer_widgets":"","ocean_shortcode_before_footer_bottom":"","ocean_shortcode_after_footer_bottom":"","ocean_display_top_bar":"default","ocean_display_header":"default","ocean_header_style":"","ocean_center_header_left_menu":"","ocean_custom_header_template":"","ocean_custom_logo":0,"ocean_custom_retina_logo":0,"ocean_custom_logo_max_width":0,"ocean_custom_logo_tablet_max_width":0,"ocean_custom_logo_mobile_max_width":0,"ocean_custom_logo_max_height":0,"ocean_custom_logo_tablet_max_height":0,"ocean_custom_logo_mobile_max_height":0,"ocean_header_custom_menu":"0","ocean_menu_typo_font_family":"","ocean_menu_typo_font_subset":"","ocean_menu_typo_font_size":0,"ocean_menu_typo_font_size_tablet":0,"ocean_menu_typo_font_size_mobile":0,"ocean_menu_typo_font_size_unit":"px","ocean_menu_typo_font_weight":"","ocean_menu_typo_font_weight_tablet":"","ocean_menu_typo_font_weight_mobile":"","ocean_menu_typo_transform":"","ocean_menu_typo_transform_tablet":"","ocean_menu_typo_transform_mobile":"","ocean_menu_typo_line_height":0,"ocean_menu_typo_line_height_tablet":0,"ocean_menu_typo_line_height_mobile":0,"ocean_menu_typo_line_height_unit":"","ocean_menu_typo_spacing":0,"ocean_menu_typo_spacing_tablet":0,"ocean_menu_typo_spacing_mobile":0,"ocean_menu_typo_spacing_unit":"","ocean_menu_link_color":"","ocean_menu_link_color_hover":"","ocean_menu_link_color_active":"","ocean_menu_link_background":"","ocean_menu_link_hover_background":"","ocean_menu_link_active_background":"","ocean_menu_social_links_bg":"","ocean_menu_social_hover_links_bg":"","ocean_menu_social_links_color":"","ocean_menu_social_hover_links_color":"","ocean_disable_title":"default","ocean_disable_heading":"default","ocean_post_title":"","ocean_post_subheading":"","ocean_post_title_style":"","ocean_post_title_background_color":"","ocean_post_title_background":0,"ocean_post_title_bg_image_position":"","ocean_post_title_bg_image_attachment":"","ocean_post_title_bg_image_repeat":"","ocean_post_title_bg_image_size":"","ocean_post_title_height":400,"ocean_post_title_bg_overlay":0.5,"ocean_post_title_bg_overlay_color":"","ocean_disable_breadcrumbs":"default","ocean_breadcrumbs_color":"","ocean_breadcrumbs_separator_color":"","ocean_breadcrumbs_links_color":"","ocean_breadcrumbs_links_hover_color":"","ocean_display_footer_widgets":"default","ocean_display_footer_bottom":"default","ocean_custom_footer_template":"","omw_enable_modal_window":"enable","footnotes":""},"class_list":["post-21","page","type-page","status-publish","hentry","entry","owp-thumbs-layout-horizontal","owp-btn-normal","owp-tabs-layout-vertical","has-no-thumbnails"],"acf":[],"yoast_head":"<!-- This site is optimized with the Yoast SEO plugin v27.0 - https:\/\/yoast.com\/product\/yoast-seo-wordpress\/ -->\n<title>Kontakt - Rebirth<\/title>\n<meta name=\"robots\" content=\"index, follow, max-snippet:-1, max-image-preview:large, max-video-preview:-1\" \/>\n<link rel=\"canonical\" href=\"https:\/\/rebirth-startnew.com\/en\/kontakt\/\" \/>\n<meta property=\"og:locale\" content=\"en_US\" \/>\n<meta property=\"og:type\" content=\"article\" \/>\n<meta property=\"og:title\" content=\"Kontakt - Rebirth\" \/>\n<meta property=\"og:description\" content=\"Kontakt Hast du Fragen zu Rebirth? Wir sind f\u00fcr dich da! Ob du mehr \u00fcber unseren Bio Drink erfahren m\u00f6chtest, eine Verkaufsstelle in deiner N\u00e4he suchst oder Interesse an einer Zusammenarbeit hast &#8211; wir freuen uns von dir zu h\u00f6ren. Bitte aktiviere JavaScript in deinem Browser, um dieses Formular fertigzustellen.Bitte aktiviere JavaScript in deinem Browser, [&hellip;]\" \/>\n<meta property=\"og:url\" content=\"https:\/\/rebirth-startnew.com\/en\/kontakt\/\" \/>\n<meta property=\"og:site_name\" content=\"Rebirth\" \/>\n<meta property=\"article:publisher\" content=\"https:\/\/www.facebook.com\/REBIRTHbioDrinks\" \/>\n<meta property=\"article:modified_time\" content=\"2025-02-18T19:43:38+00:00\" \/>\n<meta property=\"og:image\" content=\"https:\/\/rebirth-startnew.com\/wp-content\/uploads\/2024\/08\/Rebirth-Start-New-LG.png\" \/>\n\t<meta property=\"og:image:width\" content=\"1000\" \/>\n\t<meta property=\"og:image:height\" content=\"991\" \/>\n\t<meta property=\"og:image:type\" content=\"image\/png\" \/>\n<meta name=\"twitter:card\" content=\"summary_large_image\" \/>\n<meta name=\"twitter:label1\" content=\"Est. reading time\" \/>\n\t<meta name=\"twitter:data1\" content=\"3 minutes\" \/>\n<script type=\"application\/ld+json\" class=\"yoast-schema-graph\">{\"@context\":\"https:\/\/schema.org\",\"@graph\":[{\"@type\":\"WebPage\",\"@id\":\"https:\/\/rebirth-startnew.com\/kontakt\/\",\"url\":\"https:\/\/rebirth-startnew.com\/kontakt\/\",\"name\":\"Kontakt - Rebirth\",\"isPartOf\":{\"@id\":\"https:\/\/rebirth-startnew.com\/#website\"},\"datePublished\":\"2024-08-03T09:02:01+00:00\",\"dateModified\":\"2025-02-18T19:43:38+00:00\",\"breadcrumb\":{\"@id\":\"https:\/\/rebirth-startnew.com\/kontakt\/#breadcrumb\"},\"inLanguage\":\"en-US\",\"potentialAction\":[{\"@type\":\"ReadAction\",\"target\":[\"https:\/\/rebirth-startnew.com\/kontakt\/\"]}]},{\"@type\":\"BreadcrumbList\",\"@id\":\"https:\/\/rebirth-startnew.com\/kontakt\/#breadcrumb\",\"itemListElement\":[{\"@type\":\"ListItem\",\"position\":1,\"name\":\"Startseite\",\"item\":\"https:\/\/rebirth-startnew.com\/\"},{\"@type\":\"ListItem\",\"position\":2,\"name\":\"Kontakt\"}]},{\"@type\":\"WebSite\",\"@id\":\"https:\/\/rebirth-startnew.com\/#website\",\"url\":\"https:\/\/rebirth-startnew.com\/\",\"name\":\"Rebirth BIO Drinks\",\"description\":\"Start New\",\"publisher\":{\"@id\":\"https:\/\/rebirth-startnew.com\/#organization\"},\"alternateName\":\"Rebirth\",\"potentialAction\":[{\"@type\":\"SearchAction\",\"target\":{\"@type\":\"EntryPoint\",\"urlTemplate\":\"https:\/\/rebirth-startnew.com\/?s={search_term_string}\"},\"query-input\":{\"@type\":\"PropertyValueSpecification\",\"valueRequired\":true,\"valueName\":\"search_term_string\"}}],\"inLanguage\":\"en-US\"},{\"@type\":\"Organization\",\"@id\":\"https:\/\/rebirth-startnew.com\/#organization\",\"name\":\"Rebirth Bio Drinks\",\"alternateName\":\"REBIRTH\",\"url\":\"https:\/\/rebirth-startnew.com\/\",\"logo\":{\"@type\":\"ImageObject\",\"inLanguage\":\"en-US\",\"@id\":\"https:\/\/rebirth-startnew.com\/#\/schema\/logo\/image\/\",\"url\":\"https:\/\/rebirth-startnew.com\/wp-content\/uploads\/2024\/08\/Rebirth-Start-New-LG.png\",\"contentUrl\":\"https:\/\/rebirth-startnew.com\/wp-content\/uploads\/2024\/08\/Rebirth-Start-New-LG.png\",\"width\":1000,\"height\":991,\"caption\":\"Rebirth Bio Drinks\"},\"image\":{\"@id\":\"https:\/\/rebirth-startnew.com\/#\/schema\/logo\/image\/\"},\"sameAs\":[\"https:\/\/www.facebook.com\/REBIRTHbioDrinks\",\"https:\/\/www.instagram.com\/rebirth_biodrinks\/\"]}]}<\/script>\n<!-- \/ Yoast SEO plugin. -->","yoast_head_json":{"title":"Kontakt - Rebirth","robots":{"index":"index","follow":"follow","max-snippet":"max-snippet:-1","max-image-preview":"max-image-preview:large","max-video-preview":"max-video-preview:-1"},"canonical":"https:\/\/rebirth-startnew.com\/en\/kontakt\/","og_locale":"en_US","og_type":"article","og_title":"Kontakt - Rebirth","og_description":"Kontakt Hast du Fragen zu Rebirth? Wir sind f\u00fcr dich da! Ob du mehr \u00fcber unseren Bio Drink erfahren m\u00f6chtest, eine Verkaufsstelle in deiner N\u00e4he suchst oder Interesse an einer Zusammenarbeit hast &#8211; wir freuen uns von dir zu h\u00f6ren. Bitte aktiviere JavaScript in deinem Browser, um dieses Formular fertigzustellen.Bitte aktiviere JavaScript in deinem Browser, [&hellip;]","og_url":"https:\/\/rebirth-startnew.com\/en\/kontakt\/","og_site_name":"Rebirth","article_publisher":"https:\/\/www.facebook.com\/REBIRTHbioDrinks","article_modified_time":"2025-02-18T19:43:38+00:00","og_image":[{"width":1000,"height":991,"url":"https:\/\/rebirth-startnew.com\/wp-content\/uploads\/2024\/08\/Rebirth-Start-New-LG.png","type":"image\/png"}],"twitter_card":"summary_large_image","twitter_misc":{"Est. reading time":"3 minutes"},"schema":{"@context":"https:\/\/schema.org","@graph":[{"@type":"WebPage","@id":"https:\/\/rebirth-startnew.com\/kontakt\/","url":"https:\/\/rebirth-startnew.com\/kontakt\/","name":"Kontakt - Rebirth","isPartOf":{"@id":"https:\/\/rebirth-startnew.com\/#website"},"datePublished":"2024-08-03T09:02:01+00:00","dateModified":"2025-02-18T19:43:38+00:00","breadcrumb":{"@id":"https:\/\/rebirth-startnew.com\/kontakt\/#breadcrumb"},"inLanguage":"en-US","potentialAction":[{"@type":"ReadAction","target":["https:\/\/rebirth-startnew.com\/kontakt\/"]}]},{"@type":"BreadcrumbList","@id":"https:\/\/rebirth-startnew.com\/kontakt\/#breadcrumb","itemListElement":[{"@type":"ListItem","position":1,"name":"Startseite","item":"https:\/\/rebirth-startnew.com\/"},{"@type":"ListItem","position":2,"name":"Kontakt"}]},{"@type":"WebSite","@id":"https:\/\/rebirth-startnew.com\/#website","url":"https:\/\/rebirth-startnew.com\/","name":"Rebirth BIO Drinks","description":"Start New","publisher":{"@id":"https:\/\/rebirth-startnew.com\/#organization"},"alternateName":"Rebirth","potentialAction":[{"@type":"SearchAction","target":{"@type":"EntryPoint","urlTemplate":"https:\/\/rebirth-startnew.com\/?s={search_term_string}"},"query-input":{"@type":"PropertyValueSpecification","valueRequired":true,"valueName":"search_term_string"}}],"inLanguage":"en-US"},{"@type":"Organization","@id":"https:\/\/rebirth-startnew.com\/#organization","name":"Rebirth Bio Drinks","alternateName":"REBIRTH","url":"https:\/\/rebirth-startnew.com\/","logo":{"@type":"ImageObject","inLanguage":"en-US","@id":"https:\/\/rebirth-startnew.com\/#\/schema\/logo\/image\/","url":"https:\/\/rebirth-startnew.com\/wp-content\/uploads\/2024\/08\/Rebirth-Start-New-LG.png","contentUrl":"https:\/\/rebirth-startnew.com\/wp-content\/uploads\/2024\/08\/Rebirth-Start-New-LG.png","width":1000,"height":991,"caption":"Rebirth Bio Drinks"},"image":{"@id":"https:\/\/rebirth-startnew.com\/#\/schema\/logo\/image\/"},"sameAs":["https:\/\/www.facebook.com\/REBIRTHbioDrinks","https:\/\/www.instagram.com\/rebirth_biodrinks\/"]}]}},"_links":{"self":[{"href":"https:\/\/rebirth-startnew.com\/en\/wp-json\/wp\/v2\/pages\/21","targetHints":{"allow":["GET"]}}],"collection":[{"href":"https:\/\/rebirth-startnew.com\/en\/wp-json\/wp\/v2\/pages"}],"about":[{"href":"https:\/\/rebirth-startnew.com\/en\/wp-json\/wp\/v2\/types\/page"}],"author":[{"embeddable":true,"href":"https:\/\/rebirth-startnew.com\/en\/wp-json\/wp\/v2\/users\/1"}],"replies":[{"embeddable":true,"href":"https:\/\/rebirth-startnew.com\/en\/wp-json\/wp\/v2\/comments?post=21"}],"version-history":[{"count":0,"href":"https:\/\/rebirth-startnew.com\/en\/wp-json\/wp\/v2\/pages\/21\/revisions"}],"wp:attachment":[{"href":"https:\/\/rebirth-startnew.com\/en\/wp-json\/wp\/v2\/media?parent=21"}],"curies":[{"name":"wp","href":"https:\/\/api.w.org\/{rel}","templated":true}]}}