{"id":1954,"date":"2025-04-06T21:48:44","date_gmt":"2025-04-06T21:48:44","guid":{"rendered":"https:\/\/rebirth-startnew.com\/?page_id=1954"},"modified":"2025-04-06T21:48:45","modified_gmt":"2025-04-06T21:48:45","slug":"affiliate-registrierung","status":"publish","type":"page","link":"https:\/\/rebirth-startnew.com\/en\/affiliate-registrierung\/","title":{"rendered":"Affiliate Registrierung"},"content":{"rendered":"<div class=\"yith-wcaf yith-wcaf-registration-form woocommerce\">\n\t\n\t\n\t\t\t\t<div class=\"forms-container\">\n\n\t\t\t\n\t\t\t\n\t\t\t\n\t\t\t\t\t\t\t\t\t<h2 class=\"register-title\">\n\t\t\t\t\t\tRegistrieren\t\t\t\t\t<\/h2>\n\t\t\t\t\n\t\t\t\t<div class=\"register-form\">\n\t\t\t\t\t<form method=\"post\" class=\"register\" action=\"\">\n\n\t\t\t\t\t\t\t\t\t\t\t\t\t\t\t\t\t\t<p class=\"form-row validate-required\" id=\"profile_username_field\" data-priority=\"\"><label for=\"profile_username\" class=\"required_field\">Username&nbsp;<span class=\"required\" aria-hidden=\"true\">*<\/span><\/label><span class=\"woocommerce-input-wrapper\"><input type=\"text\" class=\"input-text\" name=\"username\" id=\"profile_username\" placeholder=\"\"  value=\"\" aria-required=\"true\" \/><\/span><\/p><p class=\"form-row validate-required\" id=\"profile_first_name_field\" data-priority=\"\"><label for=\"profile_first_name\" class=\"required_field\">First name&nbsp;<span class=\"required\" aria-hidden=\"true\">*<\/span><\/label><span class=\"woocommerce-input-wrapper\"><input type=\"text\" class=\"input-text\" name=\"first_name\" id=\"profile_first_name\" placeholder=\"\"  value=\"\" aria-required=\"true\" \/><\/span><\/p><p class=\"form-row validate-required\" id=\"profile_last_name_field\" data-priority=\"\"><label for=\"profile_last_name\" class=\"required_field\">Last name&nbsp;<span class=\"required\" aria-hidden=\"true\">*<\/span><\/label><span class=\"woocommerce-input-wrapper\"><input type=\"text\" class=\"input-text\" name=\"last_name\" id=\"profile_last_name\" placeholder=\"\"  value=\"\" aria-required=\"true\" \/><\/span><\/p><p class=\"form-row validate-required\" id=\"profile_email_field\" data-priority=\"\"><label for=\"profile_email\" class=\"required_field\">Email address&nbsp;<span class=\"required\" aria-hidden=\"true\">*<\/span><\/label><span class=\"woocommerce-input-wrapper\"><input type=\"email\" class=\"input-text\" name=\"email\" id=\"profile_email\" placeholder=\"\"  value=\"\" data-validation=\"email\" aria-required=\"true\" \/><\/span><\/p>\t\t\t<p class=\"form-row\">\n\t\t\t\t<span class=\"woocommerce-privacy-policy-text\">\n\t\t\t\t\tWir verwenden deine personenbezogenen Daten, um eine m\u00f6glichst gute Benutzererfahrung auf dieser Website zu erm\u00f6glichen, den Zugriff auf dein Konto zu verwalten und f\u00fcr weitere Zwecke, die in unserer <a href=\"https:\/\/rebirth-startnew.com\/en\/datenschutzerklaerung\/\" class=\"woocommerce-privacy-policy-link\" target=\"_blank\" data-no-translation=\"\" data-trp-gettext=\"\">privacy policy<\/a> beschrieben sind.\t\t\t\t<\/span>\n\t\t\t<\/p>\n\t\t\t<p class=\"form-row terms-label validate-required\" id=\"profile_terms_field\" data-priority=\"\"><span class=\"woocommerce-input-wrapper\"><label class=\"checkbox terms-label\" ><input type=\"checkbox\" name=\"terms\" id=\"profile_terms\" value=\"1\" class=\"input-checkbox\"  aria-required=\"true\" \/> Ich habe die <a href=\"https:\/\/rebirth-startnew.com\/en\/agb\/\" class=\"woocommerce-terms-and-conditions-link\" target=\"_blank\" data-no-translation=\"\" data-trp-gettext=\"\">terms and conditions<\/a> gelesen und stimme ihnen zu.&nbsp;<span class=\"required\" aria-hidden=\"true\">*<\/span><\/label><\/span><\/p>\t\t\t\t\t\t<wc-order-attribution-inputs><\/wc-order-attribution-inputs>\n\t\t\t\t\t\t<p class=\"form-row\">\n\t\t\t\t\t\t\t<input type=\"hidden\" id=\"woocommerce-register-nonce\" name=\"woocommerce-register-nonce\" value=\"b7d9961a17\" \/><input type=\"hidden\" name=\"_wp_http_referer\" value=\"\/en\/wp-json\/wp\/v2\/pages\/1954\" \/>\t\t\t\t\t\t\t<input type=\"hidden\" id=\"register_affiliate\" name=\"register_affiliate\" value=\"380e0e2aee\" \/>\n\t\t\t\t\t\t\t<input type=\"submit\" class=\"button\" name=\"register\" value=\"Register\"\/>\n\t\t\t\t\t\t<\/p>\n\n\t\t\t\t\t\t\n\t\t\t\t\t<input type=\"hidden\" name=\"trp-form-language\" value=\"en\"\/><\/form>\n\t\t\t\t<\/div>\n\n\t\t\t\n\t\t\t\n\t\t<\/div>\n\n\t<\/div>","protected":false},"excerpt":{"rendered":"","protected":false},"author":1,"featured_media":0,"parent":0,"menu_order":0,"comment_status":"closed","ping_status":"closed","template":"","meta":{"_acf_changed":false,"ocean_post_layout":"","ocean_both_sidebars_style":"","ocean_both_sidebars_content_width":0,"ocean_both_sidebars_sidebars_width":0,"ocean_sidebar":"","ocean_second_sidebar":"","ocean_disable_margins":"enable","ocean_add_body_class":"","ocean_shortcode_before_top_bar":"","ocean_shortcode_after_top_bar":"","ocean_shortcode_before_header":"","ocean_shortcode_after_header":"","ocean_has_shortcode":"","ocean_shortcode_after_title":"","ocean_shortcode_before_footer_widgets":"","ocean_shortcode_after_footer_widgets":"","ocean_shortcode_before_footer_bottom":"","ocean_shortcode_after_footer_bottom":"","ocean_display_top_bar":"default","ocean_display_header":"default","ocean_header_style":"","ocean_center_header_left_menu":"","ocean_custom_header_template":"","ocean_custom_logo":0,"ocean_custom_retina_logo":0,"ocean_custom_logo_max_width":0,"ocean_custom_logo_tablet_max_width":0,"ocean_custom_logo_mobile_max_width":0,"ocean_custom_logo_max_height":0,"ocean_custom_logo_tablet_max_height":0,"ocean_custom_logo_mobile_max_height":0,"ocean_header_custom_menu":"","ocean_menu_typo_font_family":"","ocean_menu_typo_font_subset":"","ocean_menu_typo_font_size":0,"ocean_menu_typo_font_size_tablet":0,"ocean_menu_typo_font_size_mobile":0,"ocean_menu_typo_font_size_unit":"px","ocean_menu_typo_font_weight":"","ocean_menu_typo_font_weight_tablet":"","ocean_menu_typo_font_weight_mobile":"","ocean_menu_typo_transform":"","ocean_menu_typo_transform_tablet":"","ocean_menu_typo_transform_mobile":"","ocean_menu_typo_line_height":0,"ocean_menu_typo_line_height_tablet":0,"ocean_menu_typo_line_height_mobile":0,"ocean_menu_typo_line_height_unit":"","ocean_menu_typo_spacing":0,"ocean_menu_typo_spacing_tablet":0,"ocean_menu_typo_spacing_mobile":0,"ocean_menu_typo_spacing_unit":"","ocean_menu_link_color":"","ocean_menu_link_color_hover":"","ocean_menu_link_color_active":"","ocean_menu_link_background":"","ocean_menu_link_hover_background":"","ocean_menu_link_active_background":"","ocean_menu_social_links_bg":"","ocean_menu_social_hover_links_bg":"","ocean_menu_social_links_color":"","ocean_menu_social_hover_links_color":"","ocean_disable_title":"default","ocean_disable_heading":"default","ocean_post_title":"","ocean_post_subheading":"","ocean_post_title_style":"","ocean_post_title_background_color":"","ocean_post_title_background":0,"ocean_post_title_bg_image_position":"","ocean_post_title_bg_image_attachment":"","ocean_post_title_bg_image_repeat":"","ocean_post_title_bg_image_size":"","ocean_post_title_height":0,"ocean_post_title_bg_overlay":0.5,"ocean_post_title_bg_overlay_color":"","ocean_disable_breadcrumbs":"default","ocean_breadcrumbs_color":"","ocean_breadcrumbs_separator_color":"","ocean_breadcrumbs_links_color":"","ocean_breadcrumbs_links_hover_color":"","ocean_display_footer_widgets":"default","ocean_display_footer_bottom":"default","ocean_custom_footer_template":"","omw_enable_modal_window":"enable","footnotes":""},"class_list":["post-1954","page","type-page","status-publish","hentry","entry","owp-thumbs-layout-horizontal","owp-btn-normal","owp-tabs-layout-vertical","has-no-thumbnails"],"acf":[],"yoast_head":"<!-- This site is optimized with the Yoast SEO plugin v27.0 - https:\/\/yoast.com\/product\/yoast-seo-wordpress\/ -->\n<title>Affiliate Registrierung - Rebirth<\/title>\n<meta name=\"robots\" content=\"index, follow, max-snippet:-1, max-image-preview:large, max-video-preview:-1\" \/>\n<link rel=\"canonical\" href=\"https:\/\/rebirth-startnew.com\/en\/affiliate-registrierung\/\" \/>\n<meta property=\"og:locale\" content=\"en_US\" \/>\n<meta property=\"og:type\" content=\"article\" \/>\n<meta property=\"og:title\" content=\"Affiliate Registrierung - Rebirth\" \/>\n<meta property=\"og:url\" content=\"https:\/\/rebirth-startnew.com\/en\/affiliate-registrierung\/\" \/>\n<meta property=\"og:site_name\" content=\"Rebirth\" \/>\n<meta property=\"article:publisher\" content=\"https:\/\/www.facebook.com\/REBIRTHbioDrinks\" \/>\n<meta property=\"article:modified_time\" content=\"2025-04-06T21:48:45+00:00\" \/>\n<meta property=\"og:image\" content=\"https:\/\/rebirth-startnew.com\/wp-content\/uploads\/2024\/08\/Rebirth-Start-New-LG.png\" \/>\n\t<meta property=\"og:image:width\" content=\"1000\" \/>\n\t<meta property=\"og:image:height\" content=\"991\" \/>\n\t<meta property=\"og:image:type\" content=\"image\/png\" \/>\n<meta name=\"twitter:card\" content=\"summary_large_image\" \/>\n<meta name=\"twitter:label1\" content=\"Est. reading time\" \/>\n\t<meta name=\"twitter:data1\" content=\"1 minute\" \/>\n<script type=\"application\/ld+json\" class=\"yoast-schema-graph\">{\"@context\":\"https:\/\/schema.org\",\"@graph\":[{\"@type\":\"WebPage\",\"@id\":\"https:\/\/rebirth-startnew.com\/affiliate-registrierung\/\",\"url\":\"https:\/\/rebirth-startnew.com\/affiliate-registrierung\/\",\"name\":\"Affiliate Registrierung - Rebirth\",\"isPartOf\":{\"@id\":\"https:\/\/rebirth-startnew.com\/#website\"},\"datePublished\":\"2025-04-06T21:48:44+00:00\",\"dateModified\":\"2025-04-06T21:48:45+00:00\",\"breadcrumb\":{\"@id\":\"https:\/\/rebirth-startnew.com\/affiliate-registrierung\/#breadcrumb\"},\"inLanguage\":\"en-US\",\"potentialAction\":[{\"@type\":\"ReadAction\",\"target\":[\"https:\/\/rebirth-startnew.com\/affiliate-registrierung\/\"]}]},{\"@type\":\"BreadcrumbList\",\"@id\":\"https:\/\/rebirth-startnew.com\/affiliate-registrierung\/#breadcrumb\",\"itemListElement\":[{\"@type\":\"ListItem\",\"position\":1,\"name\":\"Startseite\",\"item\":\"https:\/\/rebirth-startnew.com\/\"},{\"@type\":\"ListItem\",\"position\":2,\"name\":\"Affiliate Registrierung\"}]},{\"@type\":\"WebSite\",\"@id\":\"https:\/\/rebirth-startnew.com\/#website\",\"url\":\"https:\/\/rebirth-startnew.com\/\",\"name\":\"Rebirth BIO Drinks\",\"description\":\"Start New\",\"publisher\":{\"@id\":\"https:\/\/rebirth-startnew.com\/#organization\"},\"alternateName\":\"Rebirth\",\"potentialAction\":[{\"@type\":\"SearchAction\",\"target\":{\"@type\":\"EntryPoint\",\"urlTemplate\":\"https:\/\/rebirth-startnew.com\/?s={search_term_string}\"},\"query-input\":{\"@type\":\"PropertyValueSpecification\",\"valueRequired\":true,\"valueName\":\"search_term_string\"}}],\"inLanguage\":\"en-US\"},{\"@type\":\"Organization\",\"@id\":\"https:\/\/rebirth-startnew.com\/#organization\",\"name\":\"Rebirth Bio Drinks\",\"alternateName\":\"REBIRTH\",\"url\":\"https:\/\/rebirth-startnew.com\/\",\"logo\":{\"@type\":\"ImageObject\",\"inLanguage\":\"en-US\",\"@id\":\"https:\/\/rebirth-startnew.com\/#\/schema\/logo\/image\/\",\"url\":\"https:\/\/rebirth-startnew.com\/wp-content\/uploads\/2024\/08\/Rebirth-Start-New-LG.png\",\"contentUrl\":\"https:\/\/rebirth-startnew.com\/wp-content\/uploads\/2024\/08\/Rebirth-Start-New-LG.png\",\"width\":1000,\"height\":991,\"caption\":\"Rebirth Bio Drinks\"},\"image\":{\"@id\":\"https:\/\/rebirth-startnew.com\/#\/schema\/logo\/image\/\"},\"sameAs\":[\"https:\/\/www.facebook.com\/REBIRTHbioDrinks\",\"https:\/\/www.instagram.com\/rebirth_biodrinks\/\"]}]}<\/script>\n<!-- \/ Yoast SEO plugin. -->","yoast_head_json":{"title":"Affiliate Registrierung - Rebirth","robots":{"index":"index","follow":"follow","max-snippet":"max-snippet:-1","max-image-preview":"max-image-preview:large","max-video-preview":"max-video-preview:-1"},"canonical":"https:\/\/rebirth-startnew.com\/en\/affiliate-registrierung\/","og_locale":"en_US","og_type":"article","og_title":"Affiliate Registrierung - Rebirth","og_url":"https:\/\/rebirth-startnew.com\/en\/affiliate-registrierung\/","og_site_name":"Rebirth","article_publisher":"https:\/\/www.facebook.com\/REBIRTHbioDrinks","article_modified_time":"2025-04-06T21:48:45+00:00","og_image":[{"width":1000,"height":991,"url":"https:\/\/rebirth-startnew.com\/wp-content\/uploads\/2024\/08\/Rebirth-Start-New-LG.png","type":"image\/png"}],"twitter_card":"summary_large_image","twitter_misc":{"Est. reading time":"1 minute"},"schema":{"@context":"https:\/\/schema.org","@graph":[{"@type":"WebPage","@id":"https:\/\/rebirth-startnew.com\/affiliate-registrierung\/","url":"https:\/\/rebirth-startnew.com\/affiliate-registrierung\/","name":"Affiliate Registrierung - Rebirth","isPartOf":{"@id":"https:\/\/rebirth-startnew.com\/#website"},"datePublished":"2025-04-06T21:48:44+00:00","dateModified":"2025-04-06T21:48:45+00:00","breadcrumb":{"@id":"https:\/\/rebirth-startnew.com\/affiliate-registrierung\/#breadcrumb"},"inLanguage":"en-US","potentialAction":[{"@type":"ReadAction","target":["https:\/\/rebirth-startnew.com\/affiliate-registrierung\/"]}]},{"@type":"BreadcrumbList","@id":"https:\/\/rebirth-startnew.com\/affiliate-registrierung\/#breadcrumb","itemListElement":[{"@type":"ListItem","position":1,"name":"Startseite","item":"https:\/\/rebirth-startnew.com\/"},{"@type":"ListItem","position":2,"name":"Affiliate Registrierung"}]},{"@type":"WebSite","@id":"https:\/\/rebirth-startnew.com\/#website","url":"https:\/\/rebirth-startnew.com\/","name":"Rebirth BIO Drinks","description":"Start New","publisher":{"@id":"https:\/\/rebirth-startnew.com\/#organization"},"alternateName":"Rebirth","potentialAction":[{"@type":"SearchAction","target":{"@type":"EntryPoint","urlTemplate":"https:\/\/rebirth-startnew.com\/?s={search_term_string}"},"query-input":{"@type":"PropertyValueSpecification","valueRequired":true,"valueName":"search_term_string"}}],"inLanguage":"en-US"},{"@type":"Organization","@id":"https:\/\/rebirth-startnew.com\/#organization","name":"Rebirth Bio Drinks","alternateName":"REBIRTH","url":"https:\/\/rebirth-startnew.com\/","logo":{"@type":"ImageObject","inLanguage":"en-US","@id":"https:\/\/rebirth-startnew.com\/#\/schema\/logo\/image\/","url":"https:\/\/rebirth-startnew.com\/wp-content\/uploads\/2024\/08\/Rebirth-Start-New-LG.png","contentUrl":"https:\/\/rebirth-startnew.com\/wp-content\/uploads\/2024\/08\/Rebirth-Start-New-LG.png","width":1000,"height":991,"caption":"Rebirth Bio Drinks"},"image":{"@id":"https:\/\/rebirth-startnew.com\/#\/schema\/logo\/image\/"},"sameAs":["https:\/\/www.facebook.com\/REBIRTHbioDrinks","https:\/\/www.instagram.com\/rebirth_biodrinks\/"]}]}},"_links":{"self":[{"href":"https:\/\/rebirth-startnew.com\/en\/wp-json\/wp\/v2\/pages\/1954","targetHints":{"allow":["GET"]}}],"collection":[{"href":"https:\/\/rebirth-startnew.com\/en\/wp-json\/wp\/v2\/pages"}],"about":[{"href":"https:\/\/rebirth-startnew.com\/en\/wp-json\/wp\/v2\/types\/page"}],"author":[{"embeddable":true,"href":"https:\/\/rebirth-startnew.com\/en\/wp-json\/wp\/v2\/users\/1"}],"replies":[{"embeddable":true,"href":"https:\/\/rebirth-startnew.com\/en\/wp-json\/wp\/v2\/comments?post=1954"}],"version-history":[{"count":1,"href":"https:\/\/rebirth-startnew.com\/en\/wp-json\/wp\/v2\/pages\/1954\/revisions"}],"predecessor-version":[{"id":1956,"href":"https:\/\/rebirth-startnew.com\/en\/wp-json\/wp\/v2\/pages\/1954\/revisions\/1956"}],"wp:attachment":[{"href":"https:\/\/rebirth-startnew.com\/en\/wp-json\/wp\/v2\/media?parent=1954"}],"curies":[{"name":"wp","href":"https:\/\/api.w.org\/{rel}","templated":true}]}}