{"id":1447,"date":"2024-11-09T14:51:15","date_gmt":"2024-11-09T14:51:15","guid":{"rendered":"https:\/\/rebirth-startnew.com\/?page_id=1447"},"modified":"2024-11-09T14:51:37","modified_gmt":"2024-11-09T14:51:37","slug":"zahlungsmethoden","status":"publish","type":"page","link":"https:\/\/rebirth-startnew.com\/en\/zahlungsmethoden\/","title":{"rendered":"Zahlungsmethoden"},"content":{"rendered":"<div data-elementor-type=\"wp-page\" data-elementor-id=\"1447\" class=\"elementor elementor-1447\" data-elementor-post-type=\"page\">\n\t\t\t\t\t\t<section class=\"elementor-section elementor-top-section elementor-element elementor-element-25344985 elementor-section-full_width elementor-section-height-default elementor-section-height-default\" data-id=\"25344985\" data-element_type=\"section\">\n\t\t\t\t\t\t<div class=\"elementor-container elementor-column-gap-default\">\n\t\t\t\t\t<div class=\"elementor-column elementor-col-100 elementor-top-column elementor-element elementor-element-29b74ae0\" data-id=\"29b74ae0\" data-element_type=\"column\">\n\t\t\t<div class=\"elementor-widget-wrap elementor-element-populated\">\n\t\t\t\t\t\t<div class=\"elementor-element elementor-element-5e0d0290 elementor-widget elementor-widget-heading\" data-id=\"5e0d0290\" data-element_type=\"widget\" data-widget_type=\"heading.default\">\n\t\t\t\t<div class=\"elementor-widget-container\">\n\t\t\t\t\t<h1 class=\"elementor-heading-title elementor-size-default\">Zahlungsmethoden<\/h1>\t\t\t\t<\/div>\n\t\t\t\t<\/div>\n\t\t\t\t<div class=\"elementor-element elementor-element-20a541bf elementor-widget-divider--view-line elementor-widget elementor-widget-divider\" data-id=\"20a541bf\" data-element_type=\"widget\" data-widget_type=\"divider.default\">\n\t\t\t\t<div class=\"elementor-widget-container\">\n\t\t\t\t\t\t\t<div class=\"elementor-divider\">\n\t\t\t<span class=\"elementor-divider-separator\">\n\t\t\t\t\t\t<\/span>\n\t\t<\/div>\n\t\t\t\t\t\t<\/div>\n\t\t\t\t<\/div>\n\t\t\t\t<div class=\"elementor-element elementor-element-47fe02b elementor-widget elementor-widget-html\" data-id=\"47fe02b\" data-element_type=\"widget\" data-widget_type=\"html.default\">\n\t\t\t\t<div class=\"elementor-widget-container\">\n\t\t\t\t\t<style>\r\n    .payment-methods-container {\r\n        font-family: inherit;\r\n        line-height: 1.6;\r\n        font-size: 16px;\r\n        color: #333;\r\n    }\r\n\r\n    .payment-methods-container p {\r\n        margin-top: 20px;\r\n    }\r\n\r\n    .payment-methods-icons {\r\n        display: flex;\r\n        flex-wrap: wrap;\r\n        gap: 20px;\r\n        margin-top: 20px;\r\n    }\r\n\r\n    .payment-method-item {\r\n        text-align: center;\r\n        width: 120px;\r\n    }\r\n\r\n    .payment-method-item img {\r\n        width: 100px;\r\n        height: auto;\r\n    }\r\n<\/style>\r\n\r\n<div class=\"payment-methods-container\">\r\n    <p>In unserem Online-Shop bieten wir verschiedene Zahlungsmethoden an, damit du bequem und sicher einkaufen kannst. Wir akzeptieren folgende Zahlungsm\u00f6glichkeiten:<\/p>\r\n\r\n    <div class=\"payment-methods-icons\">\r\n        \r\n        <div class=\"payment-method-item\">\r\n            <img decoding=\"async\" src=\"https:\/\/rebirth-startnew.com\/wp-content\/uploads\/2024\/11\/Paypal-Logo-10060.png\" alt=\"PayPal\">\r\n            <p>PayPal<\/p>\r\n        <\/div>\r\n        \r\n        <div class=\"payment-method-item\">\r\n            <img decoding=\"async\" src=\"https:\/\/rebirth-startnew.com\/wp-content\/uploads\/2024\/11\/Visa-Mastercard-100x60-1.png\" alt=\"Kreditkarte\">\r\n            <p>Kreditkarte (Visa, Mastercard)<\/p>\r\n        <\/div>\r\n        \r\n        <div class=\"payment-method-item\">\r\n            <img decoding=\"async\" src=\"https:\/\/rebirth-startnew.com\/wp-content\/uploads\/2024\/11\/Klarna-100x60-1.png\" alt=\"Klarna\">\r\n            <p>Klarna<\/p>\r\n        <\/div>\r\n        \r\n        <div class=\"payment-method-item\">\r\n            <img decoding=\"async\" src=\"https:\/\/rebirth-startnew.com\/wp-content\/uploads\/2024\/11\/EPS-100x60-1.png\" alt=\"EPS\">\r\n            <p>EPS<\/p>\r\n        <\/div>\r\n        \r\n        <div class=\"payment-method-item\">\r\n            <img decoding=\"async\" src=\"https:\/\/rebirth-startnew.com\/wp-content\/uploads\/2024\/11\/Apple-Google-Pay-100x60-1.png\" alt=\"Apple Pay \/ Google Pay\">\r\n            <p>Apple Pay \/ Google Pay<\/p>\r\n        <\/div>\r\n\r\n    <\/div>\r\n\r\n    <p>Alle Zahlungen erfolgen verschl\u00fcsselt und sicher. W\u00e4hle die f\u00fcr dich bequemste Methode und genie\u00dfe einen sicheren Einkauf in unserem Shop.<\/p>\r\n<\/div>\r\n\t\t\t\t<\/div>\n\t\t\t\t<\/div>\n\t\t\t\t\t<\/div>\n\t\t<\/div>\n\t\t\t\t\t<\/div>\n\t\t<\/section>\n\t\t\t\t<\/div>","protected":false},"excerpt":{"rendered":"<p>Zahlungsmethoden In unserem Online-Shop bieten wir verschiedene Zahlungsmethoden an, damit du bequem und sicher einkaufen kannst. Wir akzeptieren folgende Zahlungsm\u00f6glichkeiten: PayPal Kreditkarte (Visa, Mastercard) Klarna EPS Apple Pay \/ Google Pay Alle Zahlungen erfolgen verschl\u00fcsselt und sicher. W\u00e4hle die f\u00fcr dich bequemste Methode und genie\u00dfe einen sicheren Einkauf in unserem Shop.<\/p>","protected":false},"author":1,"featured_media":0,"parent":0,"menu_order":0,"comment_status":"closed","ping_status":"closed","template":"","meta":{"_acf_changed":false,"ocean_post_layout":"","ocean_both_sidebars_style":"","ocean_both_sidebars_content_width":0,"ocean_both_sidebars_sidebars_width":0,"ocean_sidebar":"","ocean_second_sidebar":"","ocean_disable_margins":"enable","ocean_add_body_class":"","ocean_shortcode_before_top_bar":"","ocean_shortcode_after_top_bar":"","ocean_shortcode_before_header":"","ocean_shortcode_after_header":"","ocean_has_shortcode":"","ocean_shortcode_after_title":"","ocean_shortcode_before_footer_widgets":"","ocean_shortcode_after_footer_widgets":"","ocean_shortcode_before_footer_bottom":"","ocean_shortcode_after_footer_bottom":"","ocean_display_top_bar":"default","ocean_display_header":"default","ocean_header_style":"","ocean_center_header_left_menu":"","ocean_custom_header_template":"","ocean_custom_logo":0,"ocean_custom_retina_logo":0,"ocean_custom_logo_max_width":0,"ocean_custom_logo_tablet_max_width":0,"ocean_custom_logo_mobile_max_width":0,"ocean_custom_logo_max_height":0,"ocean_custom_logo_tablet_max_height":0,"ocean_custom_logo_mobile_max_height":0,"ocean_header_custom_menu":"","ocean_menu_typo_font_family":"","ocean_menu_typo_font_subset":"","ocean_menu_typo_font_size":0,"ocean_menu_typo_font_size_tablet":0,"ocean_menu_typo_font_size_mobile":0,"ocean_menu_typo_font_size_unit":"px","ocean_menu_typo_font_weight":"","ocean_menu_typo_font_weight_tablet":"","ocean_menu_typo_font_weight_mobile":"","ocean_menu_typo_transform":"","ocean_menu_typo_transform_tablet":"","ocean_menu_typo_transform_mobile":"","ocean_menu_typo_line_height":0,"ocean_menu_typo_line_height_tablet":0,"ocean_menu_typo_line_height_mobile":0,"ocean_menu_typo_line_height_unit":"","ocean_menu_typo_spacing":0,"ocean_menu_typo_spacing_tablet":0,"ocean_menu_typo_spacing_mobile":0,"ocean_menu_typo_spacing_unit":"","ocean_menu_link_color":"","ocean_menu_link_color_hover":"","ocean_menu_link_color_active":"","ocean_menu_link_background":"","ocean_menu_link_hover_background":"","ocean_menu_link_active_background":"","ocean_menu_social_links_bg":"","ocean_menu_social_hover_links_bg":"","ocean_menu_social_links_color":"","ocean_menu_social_hover_links_color":"","ocean_disable_title":"default","ocean_disable_heading":"default","ocean_post_title":"","ocean_post_subheading":"","ocean_post_title_style":"","ocean_post_title_background_color":"","ocean_post_title_background":0,"ocean_post_title_bg_image_position":"","ocean_post_title_bg_image_attachment":"","ocean_post_title_bg_image_repeat":"","ocean_post_title_bg_image_size":"","ocean_post_title_height":0,"ocean_post_title_bg_overlay":0.5,"ocean_post_title_bg_overlay_color":"","ocean_disable_breadcrumbs":"default","ocean_breadcrumbs_color":"","ocean_breadcrumbs_separator_color":"","ocean_breadcrumbs_links_color":"","ocean_breadcrumbs_links_hover_color":"","ocean_display_footer_widgets":"default","ocean_display_footer_bottom":"default","ocean_custom_footer_template":"","omw_enable_modal_window":"enable","footnotes":""},"class_list":["post-1447","page","type-page","status-publish","hentry","entry","owp-thumbs-layout-horizontal","owp-btn-normal","owp-tabs-layout-vertical","has-no-thumbnails"],"acf":[],"yoast_head":"<!-- This site is optimized with the Yoast SEO plugin v27.0 - https:\/\/yoast.com\/product\/yoast-seo-wordpress\/ -->\n<title>Zahlungsmethoden - Rebirth<\/title>\n<meta name=\"robots\" content=\"index, follow, max-snippet:-1, max-image-preview:large, max-video-preview:-1\" \/>\n<link rel=\"canonical\" href=\"https:\/\/rebirth-startnew.com\/en\/zahlungsmethoden\/\" \/>\n<meta property=\"og:locale\" content=\"en_US\" \/>\n<meta property=\"og:type\" content=\"article\" \/>\n<meta property=\"og:title\" content=\"Zahlungsmethoden - Rebirth\" \/>\n<meta property=\"og:description\" content=\"Zahlungsmethoden In unserem Online-Shop bieten wir verschiedene Zahlungsmethoden an, damit du bequem und sicher einkaufen kannst. Wir akzeptieren folgende Zahlungsm\u00f6glichkeiten: PayPal Kreditkarte (Visa, Mastercard) Klarna EPS Apple Pay \/ Google Pay Alle Zahlungen erfolgen verschl\u00fcsselt und sicher. W\u00e4hle die f\u00fcr dich bequemste Methode und genie\u00dfe einen sicheren Einkauf in unserem Shop.\" \/>\n<meta property=\"og:url\" content=\"https:\/\/rebirth-startnew.com\/en\/zahlungsmethoden\/\" \/>\n<meta property=\"og:site_name\" content=\"Rebirth\" \/>\n<meta property=\"article:publisher\" content=\"https:\/\/www.facebook.com\/REBIRTHbioDrinks\" \/>\n<meta property=\"article:modified_time\" content=\"2024-11-09T14:51:37+00:00\" \/>\n<meta property=\"og:image\" content=\"https:\/\/rebirth-startnew.com\/wp-content\/uploads\/2024\/11\/Paypal-Logo-10060.png\" \/>\n<meta name=\"twitter:card\" content=\"summary_large_image\" \/>\n<meta name=\"twitter:label1\" content=\"Est. reading time\" \/>\n\t<meta name=\"twitter:data1\" content=\"2 minutes\" \/>\n<script type=\"application\/ld+json\" class=\"yoast-schema-graph\">{\"@context\":\"https:\/\/schema.org\",\"@graph\":[{\"@type\":\"WebPage\",\"@id\":\"https:\/\/rebirth-startnew.com\/zahlungsmethoden\/\",\"url\":\"https:\/\/rebirth-startnew.com\/zahlungsmethoden\/\",\"name\":\"Zahlungsmethoden - Rebirth\",\"isPartOf\":{\"@id\":\"https:\/\/rebirth-startnew.com\/#website\"},\"primaryImageOfPage\":{\"@id\":\"https:\/\/rebirth-startnew.com\/zahlungsmethoden\/#primaryimage\"},\"image\":{\"@id\":\"https:\/\/rebirth-startnew.com\/zahlungsmethoden\/#primaryimage\"},\"thumbnailUrl\":\"https:\/\/rebirth-startnew.com\/wp-content\/uploads\/2024\/11\/Paypal-Logo-10060.png\",\"datePublished\":\"2024-11-09T14:51:15+00:00\",\"dateModified\":\"2024-11-09T14:51:37+00:00\",\"breadcrumb\":{\"@id\":\"https:\/\/rebirth-startnew.com\/zahlungsmethoden\/#breadcrumb\"},\"inLanguage\":\"en-US\",\"potentialAction\":[{\"@type\":\"ReadAction\",\"target\":[\"https:\/\/rebirth-startnew.com\/zahlungsmethoden\/\"]}]},{\"@type\":\"ImageObject\",\"inLanguage\":\"en-US\",\"@id\":\"https:\/\/rebirth-startnew.com\/zahlungsmethoden\/#primaryimage\",\"url\":\"https:\/\/rebirth-startnew.com\/wp-content\/uploads\/2024\/11\/Paypal-Logo-10060.png\",\"contentUrl\":\"https:\/\/rebirth-startnew.com\/wp-content\/uploads\/2024\/11\/Paypal-Logo-10060.png\"},{\"@type\":\"BreadcrumbList\",\"@id\":\"https:\/\/rebirth-startnew.com\/zahlungsmethoden\/#breadcrumb\",\"itemListElement\":[{\"@type\":\"ListItem\",\"position\":1,\"name\":\"Startseite\",\"item\":\"https:\/\/rebirth-startnew.com\/\"},{\"@type\":\"ListItem\",\"position\":2,\"name\":\"Zahlungsmethoden\"}]},{\"@type\":\"WebSite\",\"@id\":\"https:\/\/rebirth-startnew.com\/#website\",\"url\":\"https:\/\/rebirth-startnew.com\/\",\"name\":\"Rebirth BIO Drinks\",\"description\":\"Start New\",\"publisher\":{\"@id\":\"https:\/\/rebirth-startnew.com\/#organization\"},\"alternateName\":\"Rebirth\",\"potentialAction\":[{\"@type\":\"SearchAction\",\"target\":{\"@type\":\"EntryPoint\",\"urlTemplate\":\"https:\/\/rebirth-startnew.com\/?s={search_term_string}\"},\"query-input\":{\"@type\":\"PropertyValueSpecification\",\"valueRequired\":true,\"valueName\":\"search_term_string\"}}],\"inLanguage\":\"en-US\"},{\"@type\":\"Organization\",\"@id\":\"https:\/\/rebirth-startnew.com\/#organization\",\"name\":\"Rebirth Bio Drinks\",\"alternateName\":\"REBIRTH\",\"url\":\"https:\/\/rebirth-startnew.com\/\",\"logo\":{\"@type\":\"ImageObject\",\"inLanguage\":\"en-US\",\"@id\":\"https:\/\/rebirth-startnew.com\/#\/schema\/logo\/image\/\",\"url\":\"https:\/\/rebirth-startnew.com\/wp-content\/uploads\/2024\/08\/Rebirth-Start-New-LG.png\",\"contentUrl\":\"https:\/\/rebirth-startnew.com\/wp-content\/uploads\/2024\/08\/Rebirth-Start-New-LG.png\",\"width\":1000,\"height\":991,\"caption\":\"Rebirth Bio Drinks\"},\"image\":{\"@id\":\"https:\/\/rebirth-startnew.com\/#\/schema\/logo\/image\/\"},\"sameAs\":[\"https:\/\/www.facebook.com\/REBIRTHbioDrinks\",\"https:\/\/www.instagram.com\/rebirth_biodrinks\/\"]}]}<\/script>\n<!-- \/ Yoast SEO plugin. -->","yoast_head_json":{"title":"Zahlungsmethoden - Rebirth","robots":{"index":"index","follow":"follow","max-snippet":"max-snippet:-1","max-image-preview":"max-image-preview:large","max-video-preview":"max-video-preview:-1"},"canonical":"https:\/\/rebirth-startnew.com\/en\/zahlungsmethoden\/","og_locale":"en_US","og_type":"article","og_title":"Zahlungsmethoden - Rebirth","og_description":"Zahlungsmethoden In unserem Online-Shop bieten wir verschiedene Zahlungsmethoden an, damit du bequem und sicher einkaufen kannst. Wir akzeptieren folgende Zahlungsm\u00f6glichkeiten: PayPal Kreditkarte (Visa, Mastercard) Klarna EPS Apple Pay \/ Google Pay Alle Zahlungen erfolgen verschl\u00fcsselt und sicher. W\u00e4hle die f\u00fcr dich bequemste Methode und genie\u00dfe einen sicheren Einkauf in unserem Shop.","og_url":"https:\/\/rebirth-startnew.com\/en\/zahlungsmethoden\/","og_site_name":"Rebirth","article_publisher":"https:\/\/www.facebook.com\/REBIRTHbioDrinks","article_modified_time":"2024-11-09T14:51:37+00:00","og_image":[{"url":"https:\/\/rebirth-startnew.com\/wp-content\/uploads\/2024\/11\/Paypal-Logo-10060.png","type":"","width":"","height":""}],"twitter_card":"summary_large_image","twitter_misc":{"Est. reading time":"2 minutes"},"schema":{"@context":"https:\/\/schema.org","@graph":[{"@type":"WebPage","@id":"https:\/\/rebirth-startnew.com\/zahlungsmethoden\/","url":"https:\/\/rebirth-startnew.com\/zahlungsmethoden\/","name":"Zahlungsmethoden - Rebirth","isPartOf":{"@id":"https:\/\/rebirth-startnew.com\/#website"},"primaryImageOfPage":{"@id":"https:\/\/rebirth-startnew.com\/zahlungsmethoden\/#primaryimage"},"image":{"@id":"https:\/\/rebirth-startnew.com\/zahlungsmethoden\/#primaryimage"},"thumbnailUrl":"https:\/\/rebirth-startnew.com\/wp-content\/uploads\/2024\/11\/Paypal-Logo-10060.png","datePublished":"2024-11-09T14:51:15+00:00","dateModified":"2024-11-09T14:51:37+00:00","breadcrumb":{"@id":"https:\/\/rebirth-startnew.com\/zahlungsmethoden\/#breadcrumb"},"inLanguage":"en-US","potentialAction":[{"@type":"ReadAction","target":["https:\/\/rebirth-startnew.com\/zahlungsmethoden\/"]}]},{"@type":"ImageObject","inLanguage":"en-US","@id":"https:\/\/rebirth-startnew.com\/zahlungsmethoden\/#primaryimage","url":"https:\/\/rebirth-startnew.com\/wp-content\/uploads\/2024\/11\/Paypal-Logo-10060.png","contentUrl":"https:\/\/rebirth-startnew.com\/wp-content\/uploads\/2024\/11\/Paypal-Logo-10060.png"},{"@type":"BreadcrumbList","@id":"https:\/\/rebirth-startnew.com\/zahlungsmethoden\/#breadcrumb","itemListElement":[{"@type":"ListItem","position":1,"name":"Startseite","item":"https:\/\/rebirth-startnew.com\/"},{"@type":"ListItem","position":2,"name":"Zahlungsmethoden"}]},{"@type":"WebSite","@id":"https:\/\/rebirth-startnew.com\/#website","url":"https:\/\/rebirth-startnew.com\/","name":"Rebirth BIO Drinks","description":"Start New","publisher":{"@id":"https:\/\/rebirth-startnew.com\/#organization"},"alternateName":"Rebirth","potentialAction":[{"@type":"SearchAction","target":{"@type":"EntryPoint","urlTemplate":"https:\/\/rebirth-startnew.com\/?s={search_term_string}"},"query-input":{"@type":"PropertyValueSpecification","valueRequired":true,"valueName":"search_term_string"}}],"inLanguage":"en-US"},{"@type":"Organization","@id":"https:\/\/rebirth-startnew.com\/#organization","name":"Rebirth Bio Drinks","alternateName":"REBIRTH","url":"https:\/\/rebirth-startnew.com\/","logo":{"@type":"ImageObject","inLanguage":"en-US","@id":"https:\/\/rebirth-startnew.com\/#\/schema\/logo\/image\/","url":"https:\/\/rebirth-startnew.com\/wp-content\/uploads\/2024\/08\/Rebirth-Start-New-LG.png","contentUrl":"https:\/\/rebirth-startnew.com\/wp-content\/uploads\/2024\/08\/Rebirth-Start-New-LG.png","width":1000,"height":991,"caption":"Rebirth Bio Drinks"},"image":{"@id":"https:\/\/rebirth-startnew.com\/#\/schema\/logo\/image\/"},"sameAs":["https:\/\/www.facebook.com\/REBIRTHbioDrinks","https:\/\/www.instagram.com\/rebirth_biodrinks\/"]}]}},"_links":{"self":[{"href":"https:\/\/rebirth-startnew.com\/en\/wp-json\/wp\/v2\/pages\/1447","targetHints":{"allow":["GET"]}}],"collection":[{"href":"https:\/\/rebirth-startnew.com\/en\/wp-json\/wp\/v2\/pages"}],"about":[{"href":"https:\/\/rebirth-startnew.com\/en\/wp-json\/wp\/v2\/types\/page"}],"author":[{"embeddable":true,"href":"https:\/\/rebirth-startnew.com\/en\/wp-json\/wp\/v2\/users\/1"}],"replies":[{"embeddable":true,"href":"https:\/\/rebirth-startnew.com\/en\/wp-json\/wp\/v2\/comments?post=1447"}],"version-history":[{"count":0,"href":"https:\/\/rebirth-startnew.com\/en\/wp-json\/wp\/v2\/pages\/1447\/revisions"}],"wp:attachment":[{"href":"https:\/\/rebirth-startnew.com\/en\/wp-json\/wp\/v2\/media?parent=1447"}],"curies":[{"name":"wp","href":"https:\/\/api.w.org\/{rel}","templated":true}]}}